{"id":16420,"date":"2020-06-26T14:19:11","date_gmt":"2020-06-26T12:19:11","guid":{"rendered":"https:\/\/lucidmoons.com\/home\/"},"modified":"2021-11-02T12:33:24","modified_gmt":"2021-11-02T10:33:24","slug":"home","status":"publish","type":"page","link":"https:\/\/lucidmoons.com\/de-ch\/","title":{"rendered":"Lucid Moons"},"content":{"rendered":"\n\n  <div class=\"banner has-hover has-video is-full-height\" id=\"banner-1954492963\">\n          <div class=\"banner-inner fill\">\n        <div class=\"banner-bg fill\" >\n                        \t<div class=\"video-overlay no-click fill visible\"><\/div>\n\t<video class=\"video-bg fill visible\" preload playsinline autoplay muted loop>\n\t\t<source src=\"https:\/\/lucidmoons.com\/wp-content\/uploads\/2020\/05\/LM-short.mp4\" type=\"video\/mp4\"><source src=\"https:\/\/lucidmoons.com\/wp-content\/uploads\/2020\/05\/LM-short.webm\" type=\"video\/webm\">\t<\/video>\n                        \n                    <\/div>\n\t\t\n        <div class=\"banner-layers container\">\n            <div class=\"fill banner-link\"><\/div>            \n\n   <div id=\"text-box-786710568\" class=\"text-box banner-layer x50 md-x50 lg-x50 y50 md-y50 lg-y50 res-text\">\n                                <div class=\"text-box-content text dark\">\n              \n              <div class=\"text-inner text-center\">\n                  \n\n<p><span style=\"font-family: 'canela-regular', sans-serif !important; color: white; font-size: 2.9em;\">In Beziehung mit Deiner Weiblichkeit<\/span><\/p>\n\n              <\/div>\n           <\/div>\n                            \n<style>\n#text-box-786710568 {\n  width: 100%;\n}\n#text-box-786710568 .text-box-content {\n  font-size: 100%;\n}\n<\/style>\n    <\/div>\n \n\n        <\/div>\n      <\/div>\n\n            \n<style>\n#banner-1954492963 {\n  padding-top: 100%;\n}\n<\/style>\n  <\/div>\n\n\n<div class=\"text-center\"><div class=\"is-divider divider clearfix\" style=\"max-width:0px;height:30px;background-color:rgba(0, 0, 0, 0);\"><\/div><\/div>\n\n\n\t<section class=\"section\" id=\"section_2043074496\">\n\t\t<div class=\"section-bg fill\" >\n\t\t\t\t\t\t\t\t\t\n\t\t\t\n\n\t\t<\/div>\n\n\t\t\n\n\t\t<div class=\"section-content relative\">\n\t\t\t\n\n<div class=\"row\"  id=\"row-273049332\">\n\n\n\t<div id=\"col-1501876003\" class=\"col small-12 large-12\"  >\n\t\t\t\t<div class=\"col-inner\"  >\n\t\t\t\n\t\t\t\n\n<div class=\"container section-title-container\" ><h1 class=\"section-title section-title-normal\"><b><\/b><span class=\"section-title-main\" >Lucid Moons \u2013 Kristalle f\u00fcr Deine Rituale<\/span><b><\/b><\/h1><\/div>\n\n<p>Lucid Moons bietet Frauen die M\u00f6glichkeit in eine bewusste Beziehung mit Sich und Ihrem K\u00f6rper zu kommen. Dies geschieht durch achtsame und sinnliche Erfahrungen mit sich selbst.<\/p>\n<p>Diese Momente unterst\u00fctzen wir mit wertvollen Kristallen f\u00fcr die weiblichen Rituale.<\/p>\n\n\t\t<\/div>\n\t\t\t\t\t<\/div>\n\n\t\n\n<\/div>\n\n\t\t<\/div>\n\n\t\t\n<style>\n#section_2043074496 {\n  padding-top: 30px;\n  padding-bottom: 30px;\n}\n<\/style>\n\t<\/section>\n\t\n\n\t<section class=\"section\" id=\"section_1552194298\">\n\t\t<div class=\"section-bg fill\" >\n\t\t\t\t\t\t\t\t\t\n\t\t\t\n\t<div class=\"is-border\"\n\t\tstyle=\"border-width:0px 0px 0 0px;margin:0px 0px 0 0px;\">\n\t<\/div>\n\n\t\t<\/div>\n\n\t\t\n\n\t\t<div class=\"section-content relative\">\n\t\t\t\n\n<div class=\"row align-equal align-center\"  id=\"row-1395378210\">\n\n\n\t<div id=\"col-460184452\" class=\"col small-12 large-12\"  >\n\t\t\t\t<div class=\"col-inner\"  >\n\t\t\t\n\t\t\t\n\n<p>\u00a0<\/p>\n<h2 style=\"text-align: center;\"><a style=\"text-transform: uppercase; text-decoration: none;\" href=\"https:\/\/lucidmoons.com\/de-ch\/shop\/yoni-ei\/\">Yoni EI<\/a><\/h2>\n<p>\u00a0<\/p>\n<p style=\"text-align: center;\">Das Yoni Ei kann Dir helfen, mehr Weiblichkeit in dein Leben zu bringen. Dank der Energie des Steins und regelm\u00e4ssiger \u00dcbung gewinnst Du mehr Bewusstsein f\u00fcr Deinen K\u00f6rper und Deine Sexualit\u00e4t.<\/p>\n<div class=\"is-divider divider clearfix\" style=\"max-width:0px;height:10px;\"><\/div>\n\n\t\n  \n    <div class=\"row large-columns-4 medium-columns-3 small-columns-2 row-normal\" >\n  <\/div>\n\n\n\t\t<\/div>\n\t\t\t\t\t<\/div>\n\n\t\n\n<\/div>\n\n\t\t<\/div>\n\n\t\t\n<style>\n#section_1552194298 {\n  padding-top: 0px;\n  padding-bottom: 0px;\n}\n<\/style>\n\t<\/section>\n\t\n\n\t<section class=\"section\" id=\"section_1867602350\">\n\t\t<div class=\"section-bg fill\" >\n\t\t\t\t\t\t\t\t\t\n\t\t\t\n\t<div class=\"is-border\"\n\t\tstyle=\"border-width:0px 0px 0 0px;margin:0px 0px 0 0px;\">\n\t<\/div>\n\n\t\t<\/div>\n\n\t\t\n\n\t\t<div class=\"section-content relative\">\n\t\t\t\n\n<div class=\"row align-equal align-center\"  id=\"row-1964306762\">\n\n\n\t<div id=\"col-1899159869\" class=\"col small-12 large-12\"  >\n\t\t\t\t<div class=\"col-inner\"  >\n\t\t\t\n\t\t\t\n\n<p><center><\/p>\n<h2><a href=\"https:\/\/lucidmoons.com\/de-ch\/shop\/yoni-wand\/\"style=\"text-transform:uppercase;text-decoration:none;\">Yoni Wand<\/a><\/h2>\n<p><\/center><\/p>\n<p style=\"text-align: center;\">Erwecke Deinen K\u00f6rper und Deine sexuellen Energien, und verst\u00e4rke das Verh\u00e4ltnis zu Dir Selbst mit orgastischen Ritualen. Eine 100% nat\u00fcrliche Alternative zu herk\u00f6mmlichen Love Toys, frei von Silikonen und Weichmachern.<\/p>\n<div class=\"is-divider divider clearfix\" style=\"max-width:0px;height:10px;\"><\/div>\n\n\t\n  \n    <div class=\"row large-columns-3 medium-columns- small-columns-2 row-small\" >\n  <\/div>\n\n\n\t\t<\/div>\n\t\t\t\t\t<\/div>\n\n\t\n\n<\/div>\n<div class=\"row align-equal align-center\"  id=\"row-225927849\">\n\n\n\t<div id=\"col-1045074106\" class=\"col medium-4 small-12 large-4\"  >\n\t\t\t\t<div class=\"col-inner\"  >\n\t\t\t\n\t\t\t\n\n\t\n  \n    <div class=\"row large-columns-1 medium-columns- small-columns- row-small\" >\n  \n\t     <div class=\"col\" >\n\t\t\t\t\t\t<div class=\"col-inner\">\n\t\t\t\t\t\t\n<div class=\"badge-container absolute left top z-1\">\n\n<\/div>\n\t\t\t\t\t\t<div class=\"product-small box has-hover box-normal box-text-bottom\">\n\t\t\t\t\t\t\t<div class=\"box-image\" style=\"width:40%;\">\n\t\t\t\t\t\t\t\t<div class=\"\" >\n\t\t\t\t\t\t\t\t\t<a href=\"https:\/\/lucidmoons.com\/de-ch\/shop\/yoni-wand\/obsidian-yoni-wand\/\" aria-label=\"Yoni Wand aus Obsidian\">\n\t\t\t\t\t\t\t\t\t\t<img decoding=\"async\" width=\"300\" height=\"300\" src=\"https:\/\/lucidmoons.com\/wp-content\/uploads\/2019\/04\/massage-crystal-wand-obsidian-2-300x300.jpg\" class=\"attachment-woocommerce_thumbnail size-woocommerce_thumbnail\" alt=\"Yoni Wand aus Obsidian\" srcset=\"https:\/\/lucidmoons.com\/wp-content\/uploads\/2019\/04\/massage-crystal-wand-obsidian-2-300x300.jpg 300w, https:\/\/lucidmoons.com\/wp-content\/uploads\/2019\/04\/massage-crystal-wand-obsidian-2-100x100.jpg 100w, https:\/\/lucidmoons.com\/wp-content\/uploads\/2019\/04\/massage-crystal-wand-obsidian-2-510x510.jpg 510w, https:\/\/lucidmoons.com\/wp-content\/uploads\/2019\/04\/massage-crystal-wand-obsidian-2-247x247.jpg 247w, https:\/\/lucidmoons.com\/wp-content\/uploads\/2019\/04\/massage-crystal-wand-obsidian-2.jpg 2048w\" sizes=\"(max-width: 300px) 100vw, 300px\" title=\"\">\t\t\t\t\t\t\t\t\t<\/a>\n\t\t\t\t\t\t\t\t\t\t\t\t\t\t\t\t\t\t \t\t\t\t\t\t\t\t<\/div>\n\t\t\t\t\t\t\t\t<div class=\"image-tools top right show-on-hover\">\n\t\t\t\t\t\t\t\t\t\t\t\t\t\t\t\t\t<\/div>\n\t\t\t\t\t\t\t\t\t\t\t\t\t\t\t\t\t<div class=\"image-tools grid-tools text-center hide-for-small bottom hover-slide-in show-on-hover\">\n\t\t\t\t\t\t\t\t\t\t\t\t\t\t\t\t\t\t\t<\/div>\n\t\t\t\t\t\t\t\t\t\t\t\t\t\t\t\t\t\t\t\t\t\t\t<\/div>\n\n\t\t\t\t\t\t\t<div class=\"box-text text-center\" >\n\t\t\t\t\t\t\t\t<div class=\"title-wrapper\"><p class=\"name product-title woocommerce-loop-product__title\"><a href=\"https:\/\/lucidmoons.com\/de-ch\/shop\/yoni-wand\/obsidian-yoni-wand\/\" class=\"woocommerce-LoopProduct-link woocommerce-loop-product__link\">Yoni Wand aus Obsidian<\/a><\/p><\/div><div class=\"price-wrapper\">\n\t<span class=\"price\"><span class=\"woocommerce-Price-amount amount\"><bdi><span class=\"woocommerce-Price-currencySymbol\">&#67;&#72;&#70;<\/span>&nbsp;214.00<\/bdi><\/span><\/span>\n<\/div>\t\t\t\t\t\t\t<\/div>\n\t\t\t\t\t\t<\/div>\n\t\t\t\t\t\t<\/div>\n\t\t\t\t\t<\/div><div class=\"col\" >\n\t\t\t\t\t\t<div class=\"col-inner\">\n\t\t\t\t\t\t\n<div class=\"badge-container absolute left top z-1\">\n\n<\/div>\n\t\t\t\t\t\t<div class=\"product-small box has-hover box-normal box-text-bottom\">\n\t\t\t\t\t\t\t<div class=\"box-image\" style=\"width:40%;\">\n\t\t\t\t\t\t\t\t<div class=\"\" >\n\t\t\t\t\t\t\t\t\t<a href=\"https:\/\/lucidmoons.com\/de-ch\/shop\/yoni-wand\/bergkristall-yoni-wand\/\" aria-label=\"Yoni Wand aus Bergkristall\">\n\t\t\t\t\t\t\t\t\t\t<img decoding=\"async\" width=\"300\" height=\"300\" src=\"https:\/\/lucidmoons.com\/wp-content\/uploads\/2019\/04\/massage-crystal-wand-clear-quartz-bergkristall-2-300x300.jpg\" class=\"attachment-woocommerce_thumbnail size-woocommerce_thumbnail\" alt=\"Crystal Yoni Massage Wand aus Clear Quartz \u2013 Bergkristall\" srcset=\"https:\/\/lucidmoons.com\/wp-content\/uploads\/2019\/04\/massage-crystal-wand-clear-quartz-bergkristall-2-300x300.jpg 300w, https:\/\/lucidmoons.com\/wp-content\/uploads\/2019\/04\/massage-crystal-wand-clear-quartz-bergkristall-2-100x100.jpg 100w, https:\/\/lucidmoons.com\/wp-content\/uploads\/2019\/04\/massage-crystal-wand-clear-quartz-bergkristall-2-510x510.jpg 510w, https:\/\/lucidmoons.com\/wp-content\/uploads\/2019\/04\/massage-crystal-wand-clear-quartz-bergkristall-2-247x247.jpg 247w, https:\/\/lucidmoons.com\/wp-content\/uploads\/2019\/04\/massage-crystal-wand-clear-quartz-bergkristall-2.jpg 2048w\" sizes=\"(max-width: 300px) 100vw, 300px\" title=\"\">\t\t\t\t\t\t\t\t\t<\/a>\n\t\t\t\t\t\t\t\t\t\t\t\t\t\t\t\t\t\t \t\t\t\t\t\t\t\t<\/div>\n\t\t\t\t\t\t\t\t<div class=\"image-tools top right show-on-hover\">\n\t\t\t\t\t\t\t\t\t\t\t\t\t\t\t\t\t<\/div>\n\t\t\t\t\t\t\t\t\t\t\t\t\t\t\t\t\t<div class=\"image-tools grid-tools text-center hide-for-small bottom hover-slide-in show-on-hover\">\n\t\t\t\t\t\t\t\t\t\t\t\t\t\t\t\t\t\t\t<\/div>\n\t\t\t\t\t\t\t\t\t\t\t\t\t\t\t\t\t\t\t\t\t\t\t<\/div>\n\n\t\t\t\t\t\t\t<div class=\"box-text text-center\" >\n\t\t\t\t\t\t\t\t<div class=\"title-wrapper\"><p class=\"name product-title woocommerce-loop-product__title\"><a href=\"https:\/\/lucidmoons.com\/de-ch\/shop\/yoni-wand\/bergkristall-yoni-wand\/\" class=\"woocommerce-LoopProduct-link woocommerce-loop-product__link\">Yoni Wand aus Bergkristall<\/a><\/p><\/div><div class=\"price-wrapper\">\n\t<span class=\"price\"><span class=\"woocommerce-Price-amount amount\"><bdi><span class=\"woocommerce-Price-currencySymbol\">&#67;&#72;&#70;<\/span>&nbsp;214.00<\/bdi><\/span><\/span>\n<\/div>\t\t\t\t\t\t\t<\/div>\n\t\t\t\t\t\t<\/div>\n\t\t\t\t\t\t<\/div>\n\t\t\t\t\t<\/div><div class=\"col\" >\n\t\t\t\t\t\t<div class=\"col-inner\">\n\t\t\t\t\t\t\n<div class=\"badge-container absolute left top z-1\">\n\n<\/div>\n\t\t\t\t\t\t<div class=\"product-small box has-hover box-normal box-text-bottom\">\n\t\t\t\t\t\t\t<div class=\"box-image\" style=\"width:40%;\">\n\t\t\t\t\t\t\t\t<div class=\"\" >\n\t\t\t\t\t\t\t\t\t<a href=\"https:\/\/lucidmoons.com\/de-ch\/shop\/yoni-wand\/rosenquarz-yoni-wand\/\" aria-label=\"Yoni Wand aus Rosenquarz\">\n\t\t\t\t\t\t\t\t\t\t<img decoding=\"async\" width=\"300\" height=\"300\" src=\"https:\/\/lucidmoons.com\/wp-content\/uploads\/2019\/04\/massage-crystal-wand-rosequarz-2-300x300.jpg\" class=\"attachment-woocommerce_thumbnail size-woocommerce_thumbnail\" alt=\"Crystal Yoni Massage Wand aus Rosenquarz\" srcset=\"https:\/\/lucidmoons.com\/wp-content\/uploads\/2019\/04\/massage-crystal-wand-rosequarz-2-300x300.jpg 300w, https:\/\/lucidmoons.com\/wp-content\/uploads\/2019\/04\/massage-crystal-wand-rosequarz-2-100x100.jpg 100w, https:\/\/lucidmoons.com\/wp-content\/uploads\/2019\/04\/massage-crystal-wand-rosequarz-2-510x510.jpg 510w, https:\/\/lucidmoons.com\/wp-content\/uploads\/2019\/04\/massage-crystal-wand-rosequarz-2.jpg 2048w\" sizes=\"(max-width: 300px) 100vw, 300px\" title=\"\">\t\t\t\t\t\t\t\t\t<\/a>\n\t\t\t\t\t\t\t\t\t\t\t\t\t\t\t\t\t\t \t\t\t\t\t\t\t\t<\/div>\n\t\t\t\t\t\t\t\t<div class=\"image-tools top right show-on-hover\">\n\t\t\t\t\t\t\t\t\t\t\t\t\t\t\t\t\t<\/div>\n\t\t\t\t\t\t\t\t\t\t\t\t\t\t\t\t\t<div class=\"image-tools grid-tools text-center hide-for-small bottom hover-slide-in show-on-hover\">\n\t\t\t\t\t\t\t\t\t\t\t\t\t\t\t\t\t\t\t<\/div>\n\t\t\t\t\t\t\t\t\t\t\t\t\t\t\t\t\t\t\t\t\t\t\t<\/div>\n\n\t\t\t\t\t\t\t<div class=\"box-text text-center\" >\n\t\t\t\t\t\t\t\t<div class=\"title-wrapper\"><p class=\"name product-title woocommerce-loop-product__title\"><a href=\"https:\/\/lucidmoons.com\/de-ch\/shop\/yoni-wand\/rosenquarz-yoni-wand\/\" class=\"woocommerce-LoopProduct-link woocommerce-loop-product__link\">Yoni Wand aus Rosenquarz<\/a><\/p><\/div><div class=\"price-wrapper\">\n\t<span class=\"price\"><span class=\"woocommerce-Price-amount amount\"><bdi><span class=\"woocommerce-Price-currencySymbol\">&#67;&#72;&#70;<\/span>&nbsp;214.00<\/bdi><\/span><\/span>\n<\/div>\t\t\t\t\t\t\t<\/div>\n\t\t\t\t\t\t<\/div>\n\t\t\t\t\t\t<\/div>\n\t\t\t\t\t<\/div><div class=\"col\" >\n\t\t\t\t\t\t<div class=\"col-inner\">\n\t\t\t\t\t\t\n<div class=\"badge-container absolute left top z-1\">\n\n<div class=\"badge callout badge-circle\"><div class=\"badge-inner callout-new-bg is-small new-bubble\">NEU<\/div><\/div><\/div>\n\t\t\t\t\t\t<div class=\"product-small box has-hover box-normal box-text-bottom\">\n\t\t\t\t\t\t\t<div class=\"box-image\" style=\"width:40%;\">\n\t\t\t\t\t\t\t\t<div class=\"\" >\n\t\t\t\t\t\t\t\t\t<a href=\"https:\/\/lucidmoons.com\/de-ch\/shop\/unkategorisiert\/rauchquarz-yoni-wand-2\/\" aria-label=\"Yoni Wand aus Rauchquarz\">\n\t\t\t\t\t\t\t\t\t\t<img decoding=\"async\" width=\"300\" height=\"300\" src=\"https:\/\/lucidmoons.com\/wp-content\/uploads\/2020\/07\/2020-06_Smoky-Quartz_Product-Image_2-1-300x300.jpg\" class=\"attachment-woocommerce_thumbnail size-woocommerce_thumbnail\" alt=\"Rauchquarz Yoni Wand\" srcset=\"https:\/\/lucidmoons.com\/wp-content\/uploads\/2020\/07\/2020-06_Smoky-Quartz_Product-Image_2-1-300x300.jpg 300w, https:\/\/lucidmoons.com\/wp-content\/uploads\/2020\/07\/2020-06_Smoky-Quartz_Product-Image_2-1-500x500.jpg 500w, https:\/\/lucidmoons.com\/wp-content\/uploads\/2020\/07\/2020-06_Smoky-Quartz_Product-Image_2-1-1024x1024.jpg 1024w, https:\/\/lucidmoons.com\/wp-content\/uploads\/2020\/07\/2020-06_Smoky-Quartz_Product-Image_2-1-768x768.jpg 768w, https:\/\/lucidmoons.com\/wp-content\/uploads\/2020\/07\/2020-06_Smoky-Quartz_Product-Image_2-1-510x510.jpg 510w, https:\/\/lucidmoons.com\/wp-content\/uploads\/2020\/07\/2020-06_Smoky-Quartz_Product-Image_2-1-100x100.jpg 100w, https:\/\/lucidmoons.com\/wp-content\/uploads\/2020\/07\/2020-06_Smoky-Quartz_Product-Image_2-1.jpg 1200w\" sizes=\"(max-width: 300px) 100vw, 300px\" title=\"\">\t\t\t\t\t\t\t\t\t<\/a>\n\t\t\t\t\t\t\t\t\t\t\t\t\t\t\t\t\t\t \t\t\t\t\t\t\t\t<\/div>\n\t\t\t\t\t\t\t\t<div class=\"image-tools top right show-on-hover\">\n\t\t\t\t\t\t\t\t\t\t\t\t\t\t\t\t\t<\/div>\n\t\t\t\t\t\t\t\t\t\t\t\t\t\t\t\t\t<div class=\"image-tools grid-tools text-center hide-for-small bottom hover-slide-in show-on-hover\">\n\t\t\t\t\t\t\t\t\t\t\t\t\t\t\t\t\t\t\t<\/div>\n\t\t\t\t\t\t\t\t\t\t\t\t\t\t\t\t\t\t\t\t\t\t\t<\/div>\n\n\t\t\t\t\t\t\t<div class=\"box-text text-center\" >\n\t\t\t\t\t\t\t\t<div class=\"title-wrapper\"><p class=\"name product-title woocommerce-loop-product__title\"><a href=\"https:\/\/lucidmoons.com\/de-ch\/shop\/unkategorisiert\/rauchquarz-yoni-wand-2\/\" class=\"woocommerce-LoopProduct-link woocommerce-loop-product__link\">Yoni Wand aus Rauchquarz<\/a><\/p><\/div><div class=\"price-wrapper\">\n\t<span class=\"price\"><span class=\"woocommerce-Price-amount amount\"><bdi><span class=\"woocommerce-Price-currencySymbol\">&#67;&#72;&#70;<\/span>&nbsp;224.00<\/bdi><\/span><\/span>\n<\/div>\t\t\t\t\t\t\t<\/div>\n\t\t\t\t\t\t<\/div>\n\t\t\t\t\t\t<\/div>\n\t\t\t\t\t<\/div><\/div>\n\n\n\t\t<\/div>\n\t\t\t\t\t<\/div>\n\n\t\n\n\t<div id=\"col-704680770\" class=\"col medium-8 small-12 large-8\"  >\n\t\t\t\t<div class=\"col-inner\"  >\n\t\t\t\n\t\t\t\n\n\t<div class=\"img has-hover x md-x lg-x y md-y lg-y\" id=\"image_360202694\">\n\t\t\t\t\t\t\t\t<div class=\"img-inner dark\" >\n\t\t\t<img decoding=\"async\" width=\"804\" height=\"1024\" src=\"https:\/\/lucidmoons.com\/wp-content\/uploads\/2020\/06\/2019-05_Lucid-Moons_edited_54-804x1024.jpg\" class=\"attachment-large size-large\" alt=\"Yoni Wand von Lucid Moons\" srcset=\"https:\/\/lucidmoons.com\/wp-content\/uploads\/2020\/06\/2019-05_Lucid-Moons_edited_54-804x1024.jpg 804w, https:\/\/lucidmoons.com\/wp-content\/uploads\/2020\/06\/2019-05_Lucid-Moons_edited_54-510x649.jpg 510w, https:\/\/lucidmoons.com\/wp-content\/uploads\/2020\/06\/2019-05_Lucid-Moons_edited_54-236x300.jpg 236w, https:\/\/lucidmoons.com\/wp-content\/uploads\/2020\/06\/2019-05_Lucid-Moons_edited_54-768x978.jpg 768w, https:\/\/lucidmoons.com\/wp-content\/uploads\/2020\/06\/2019-05_Lucid-Moons_edited_54.jpg 886w\" sizes=\"(max-width: 804px) 100vw, 804px\" title=\"\">\t\t\t\t\t\t\n\t\t\t\t\t<\/div>\n\t\t\t\t\t\t\t\t\n<style>\n#image_360202694 {\n  width: 100%;\n}\n<\/style>\n\t<\/div>\n\t\n\n\n\t\t<\/div>\n\t\t\t\t\t<\/div>\n\n\t\n\n<\/div>\n\n\t\t<\/div>\n\n\t\t\n<style>\n#section_1867602350 {\n  padding-top: 0px;\n  padding-bottom: 0px;\n  margin-bottom: 0px;\n}\n<\/style>\n\t<\/section>\n\t\n\n\t<section class=\"section\" id=\"section_1631848637\">\n\t\t<div class=\"section-bg fill\" >\n\t\t\t\t\t\t\t\t\t\n\t\t\t\n\n\t\t<\/div>\n\n\t\t\n\n\t\t<div class=\"section-content relative\">\n\t\t\t\n\n<div class=\"row align-equal align-center\"  id=\"row-139037927\">\n\n\n\t<div id=\"col-1247684616\" class=\"col small-12 large-12\"  >\n\t\t\t\t<div class=\"col-inner\"  >\n\t\t\t\n\t\t\t\n\n<p><center><\/p>\n<h2><a href=\"https:\/\/lucidmoons.com\/de-ch\/shop\/zubehoer\/\"style=\"text-transform:uppercase;text-decoration:none;\">Zubeh\u00f6r von Lucid Moons<\/a><\/h2>\n<p><\/center><\/p>\n<p style=\"text-align: center;\"><span style=\"font-weight: 400;\">Nutze die volle Kraft Deiner Kristalle indem Du sie regelm\u00e4ssig energetisch reinigst und sie pflegst.<\/span><\/p>\n\n\n\t\t<\/div>\n\t\t\t\t\t<\/div>\n\n\t\n\n<\/div>\n<div class=\"row\"  id=\"row-2089152350\">\n\n\n\t<div id=\"col-1720665806\" class=\"col medium-6 small-12 large-6\"  >\n\t\t\t\t<div class=\"col-inner\"  >\n\t\t\t\n\t\t\t\n\n\t<div class=\"img has-hover x md-x lg-x y md-y lg-y\" id=\"image_12440991\">\n\t\t\t\t\t\t\t\t<div class=\"img-inner dark\" >\n\t\t\t<img decoding=\"async\" width=\"733\" height=\"1024\" src=\"https:\/\/lucidmoons.com\/wp-content\/uploads\/2020\/06\/2019-07_Lucid-Moons_Sage-9-733x1024.jpg\" class=\"attachment-large size-large\" alt=\"R\u00e4ucherwerk Salbei\" srcset=\"https:\/\/lucidmoons.com\/wp-content\/uploads\/2020\/06\/2019-07_Lucid-Moons_Sage-9-733x1024.jpg 733w, https:\/\/lucidmoons.com\/wp-content\/uploads\/2020\/06\/2019-07_Lucid-Moons_Sage-9-510x712.jpg 510w, https:\/\/lucidmoons.com\/wp-content\/uploads\/2020\/06\/2019-07_Lucid-Moons_Sage-9-215x300.jpg 215w, https:\/\/lucidmoons.com\/wp-content\/uploads\/2020\/06\/2019-07_Lucid-Moons_Sage-9-768x1072.jpg 768w, https:\/\/lucidmoons.com\/wp-content\/uploads\/2020\/06\/2019-07_Lucid-Moons_Sage-9.jpg 800w\" sizes=\"(max-width: 733px) 100vw, 733px\" title=\"\">\t\t\t\t\t\t\n\t\t\t\t\t<\/div>\n\t\t\t\t\t\t\t\t\n<style>\n#image_12440991 {\n  width: 100%;\n}\n<\/style>\n\t<\/div>\n\t\n\n\n\t\t<\/div>\n\t\t\t\t\t<\/div>\n\n\t\n\n\t<div id=\"col-822678479\" class=\"col medium-6 small-12 large-6\"  >\n\t\t\t\t<div class=\"col-inner\"  >\n\t\t\t\n\t\t\t\n\n\t\n  \n    <div class=\"row large-columns-1 medium-columns- small-columns- row-small\" >\n  \n\t     <div class=\"col\" >\n\t\t\t\t\t\t<div class=\"col-inner\">\n\t\t\t\t\t\t\n<div class=\"badge-container absolute left top z-1\">\n\n<\/div>\n\t\t\t\t\t\t<div class=\"product-small box has-hover box-normal box-text-bottom\">\n\t\t\t\t\t\t\t<div class=\"box-image\" style=\"width:50%;\">\n\t\t\t\t\t\t\t\t<div class=\"image-cover\" style=\"padding-top:100%;\">\n\t\t\t\t\t\t\t\t\t<a href=\"https:\/\/lucidmoons.com\/de-ch\/shop\/zubehoer\/smudge-stick\/\" aria-label=\"Weisser Salbei zum R\u00e4uchern \u2013 Smudge Stick\">\n\t\t\t\t\t\t\t\t\t\t<img decoding=\"async\" width=\"500\" height=\"500\" src=\"https:\/\/lucidmoons.com\/wp-content\/uploads\/2019\/07\/2019-07_Lucid-Moons_Sage.jpg\" class=\"attachment-medium size-medium\" alt=\"Weisser Salbei \u2013\u00a0Sage zum R\u00e4uchern von Kristallen\" srcset=\"https:\/\/lucidmoons.com\/wp-content\/uploads\/2019\/07\/2019-07_Lucid-Moons_Sage.jpg 2048w, https:\/\/lucidmoons.com\/wp-content\/uploads\/2019\/07\/2019-07_Lucid-Moons_Sage-300x300.jpg 300w, https:\/\/lucidmoons.com\/wp-content\/uploads\/2019\/07\/2019-07_Lucid-Moons_Sage-100x100.jpg 100w, https:\/\/lucidmoons.com\/wp-content\/uploads\/2019\/07\/2019-07_Lucid-Moons_Sage-510x510.jpg 510w, https:\/\/lucidmoons.com\/wp-content\/uploads\/2019\/07\/2019-07_Lucid-Moons_Sage-247x247.jpg 247w\" sizes=\"(max-width: 500px) 100vw, 500px\" title=\"\">\t\t\t\t\t\t\t\t\t<\/a>\n\t\t\t\t\t\t\t\t\t\t\t\t\t\t\t\t\t\t \t\t\t\t\t\t\t\t<\/div>\n\t\t\t\t\t\t\t\t<div class=\"image-tools top right show-on-hover\">\n\t\t\t\t\t\t\t\t\t\t\t\t\t\t\t\t\t<\/div>\n\t\t\t\t\t\t\t\t\t\t\t\t\t\t\t\t\t<div class=\"image-tools grid-tools text-center hide-for-small bottom hover-slide-in show-on-hover\">\n\t\t\t\t\t\t\t\t\t\t\t\t\t\t\t\t\t\t\t<\/div>\n\t\t\t\t\t\t\t\t\t\t\t\t\t\t\t\t\t\t\t\t\t\t\t<\/div>\n\n\t\t\t\t\t\t\t<div class=\"box-text text-center\" >\n\t\t\t\t\t\t\t\t<div class=\"title-wrapper\"><p class=\"name product-title woocommerce-loop-product__title\"><a href=\"https:\/\/lucidmoons.com\/de-ch\/shop\/zubehoer\/smudge-stick\/\" class=\"woocommerce-LoopProduct-link woocommerce-loop-product__link\">Weisser Salbei zum R\u00e4uchern \u2013 Smudge Stick<\/a><\/p><\/div><div class=\"price-wrapper\">\n\t<span class=\"price\"><span class=\"woocommerce-Price-amount amount\"><bdi><span class=\"woocommerce-Price-currencySymbol\">&#67;&#72;&#70;<\/span>&nbsp;12.20<\/bdi><\/span><\/span>\n<\/div>\t\t\t\t\t\t\t<\/div>\n\t\t\t\t\t\t<\/div>\n\t\t\t\t\t\t<\/div>\n\t\t\t\t\t<\/div><div class=\"col\" >\n\t\t\t\t\t\t<div class=\"col-inner\">\n\t\t\t\t\t\t\n<div class=\"badge-container absolute left top z-1\">\n\n<\/div>\n\t\t\t\t\t\t<div class=\"product-small box has-hover box-normal box-text-bottom\">\n\t\t\t\t\t\t\t<div class=\"box-image\" style=\"width:50%;\">\n\t\t\t\t\t\t\t\t<div class=\"image-cover\" style=\"padding-top:100%;\">\n\t\t\t\t\t\t\t\t\t<a href=\"https:\/\/lucidmoons.com\/de-ch\/shop\/zubehoer\/yoni-egg-string\/\" aria-label=\"Yoni Egg String\">\n\t\t\t\t\t\t\t\t\t\t<img decoding=\"async\" width=\"500\" height=\"500\" src=\"https:\/\/lucidmoons.com\/wp-content\/uploads\/2019\/09\/2019-08_Lucid-Moons_Products_edited_4.jpg\" class=\"attachment-medium size-medium\" alt=\"Yoni Egg String \u2013 Lucid Moons \u2013 100% nat\u00fcrlich, ohne Geschmack und vegan\" srcset=\"https:\/\/lucidmoons.com\/wp-content\/uploads\/2019\/09\/2019-08_Lucid-Moons_Products_edited_4.jpg 2048w, https:\/\/lucidmoons.com\/wp-content\/uploads\/2019\/09\/2019-08_Lucid-Moons_Products_edited_4-300x300.jpg 300w, https:\/\/lucidmoons.com\/wp-content\/uploads\/2019\/09\/2019-08_Lucid-Moons_Products_edited_4-100x100.jpg 100w, https:\/\/lucidmoons.com\/wp-content\/uploads\/2019\/09\/2019-08_Lucid-Moons_Products_edited_4-510x510.jpg 510w, https:\/\/lucidmoons.com\/wp-content\/uploads\/2019\/09\/2019-08_Lucid-Moons_Products_edited_4-247x247.jpg 247w\" sizes=\"(max-width: 500px) 100vw, 500px\" title=\"\">\t\t\t\t\t\t\t\t\t<\/a>\n\t\t\t\t\t\t\t\t\t\t\t\t\t\t\t\t\t\t \t\t\t\t\t\t\t\t<\/div>\n\t\t\t\t\t\t\t\t<div class=\"image-tools top right show-on-hover\">\n\t\t\t\t\t\t\t\t\t\t\t\t\t\t\t\t\t<\/div>\n\t\t\t\t\t\t\t\t\t\t\t\t\t\t\t\t\t<div class=\"image-tools grid-tools text-center hide-for-small bottom hover-slide-in show-on-hover\">\n\t\t\t\t\t\t\t\t\t\t\t\t\t\t\t\t\t\t\t<\/div>\n\t\t\t\t\t\t\t\t\t\t\t\t\t\t\t\t\t\t\t\t\t\t\t<\/div>\n\n\t\t\t\t\t\t\t<div class=\"box-text text-center\" >\n\t\t\t\t\t\t\t\t<div class=\"title-wrapper\"><p class=\"name product-title woocommerce-loop-product__title\"><a href=\"https:\/\/lucidmoons.com\/de-ch\/shop\/zubehoer\/yoni-egg-string\/\" class=\"woocommerce-LoopProduct-link woocommerce-loop-product__link\">Yoni Egg String<\/a><\/p><\/div><div class=\"price-wrapper\">\n\t<span class=\"price\"><span class=\"woocommerce-Price-amount amount\"><bdi><span class=\"woocommerce-Price-currencySymbol\">&#67;&#72;&#70;<\/span>&nbsp;10.10<\/bdi><\/span><\/span>\n<\/div>\t\t\t\t\t\t\t<\/div>\n\t\t\t\t\t\t<\/div>\n\t\t\t\t\t\t<\/div>\n\t\t\t\t\t<\/div><\/div>\n\n\n\t\t<\/div>\n\t\t\t\t\t<\/div>\n\n\t\n\n<\/div>\n\n\t\t<\/div>\n\n\t\t\n<style>\n#section_1631848637 {\n  padding-top: 0px;\n  padding-bottom: 0px;\n  margin-bottom: 0px;\n}\n<\/style>\n\t<\/section>\n\t\n<div class=\"is-divider divider clearfix\" style=\"max-width:0px;height:35px;\"><\/div>\n","protected":false},"excerpt":{"rendered":"","protected":false},"author":1,"featured_media":0,"parent":0,"menu_order":0,"comment_status":"closed","ping_status":"closed","template":"page-transparent-header-light.php","meta":{"inline_featured_image":false,"footnotes":""},"class_list":["post-16420","page","type-page","status-publish","hentry"],"_links":{"self":[{"href":"https:\/\/lucidmoons.com\/de-ch\/wp-json\/wp\/v2\/pages\/16420","targetHints":{"allow":["GET"]}}],"collection":[{"href":"https:\/\/lucidmoons.com\/de-ch\/wp-json\/wp\/v2\/pages"}],"about":[{"href":"https:\/\/lucidmoons.com\/de-ch\/wp-json\/wp\/v2\/types\/page"}],"author":[{"embeddable":true,"href":"https:\/\/lucidmoons.com\/de-ch\/wp-json\/wp\/v2\/users\/1"}],"replies":[{"embeddable":true,"href":"https:\/\/lucidmoons.com\/de-ch\/wp-json\/wp\/v2\/comments?post=16420"}],"version-history":[{"count":4,"href":"https:\/\/lucidmoons.com\/de-ch\/wp-json\/wp\/v2\/pages\/16420\/revisions"}],"predecessor-version":[{"id":19751,"href":"https:\/\/lucidmoons.com\/de-ch\/wp-json\/wp\/v2\/pages\/16420\/revisions\/19751"}],"wp:attachment":[{"href":"https:\/\/lucidmoons.com\/de-ch\/wp-json\/wp\/v2\/media?parent=16420"}],"curies":[{"name":"wp","href":"https:\/\/api.w.org\/{rel}","templated":true}]}}