{"id":16444,"date":"2019-04-14T14:48:03","date_gmt":"2019-04-14T14:48:03","guid":{"rendered":"https:\/\/lucidmoons.com\/impressum\/"},"modified":"2025-01-09T10:12:14","modified_gmt":"2025-01-09T08:12:14","slug":"impressum","status":"publish","type":"page","link":"https:\/\/lucidmoons.com\/de-ch\/impressum\/","title":{"rendered":"Impressum"},"content":{"rendered":"\n<h1 class=\"wp-block-heading\">Impressum<\/h1>\n\n\n\n<h2 class=\"wp-block-heading\">Kontaktadresse von Lucid Moons<\/h2>\n\n\n\n<p>the stories co. GmbH<br>Kasimir-Pfyffer-Strasse 16a<br>6003 Luzern<br>Schweiz<\/p>\n\n\n\n<p><a href=\"&#x6d;&#x61;&#105;&#108;t&#x6f;&#x3a;&#x68;&#101;&#108;l&#x6f;&#x40;&#x6c;&#117;&#99;i&#x64;&#x6d;&#x6f;&#111;&#110;s&#x2e;&#x63;&#x6f;&#109;\">&#x68;e&#x6c;l&#x6f;&#64;&#x6c;&#117;c&#x69;d&#x6d;&#111;&#x6f;&#110;&#x73;&#46;c&#x6f;m<\/a><\/p>\n\n\n\n<h2 class=\"wp-block-heading\">Haftungsausschluss<\/h2>\n\n\n\n<p>Wir \u00fcbernehmen keinerlei Gew\u00e4hr f\u00fcr die Aktualit\u00e4t, Korrektheit, Vollst\u00e4ndigkeit oder Qualit\u00e4t der bereitgestellten Informationen. Haftungsanspr\u00fcche gegen lucidmoons.com, welche sich auf Sch\u00e4den materieller oder ideeller Art beziehen, die durch die Nutzung oder Nichtnutzung der dargebotenen Informationen bzw. durch die Nutzung fehlerhafter und unvollst\u00e4ndiger Informationen verursacht wurden, sind grunds\u00e4tzlich ausgeschlossen, sofern seitens lucidmoons.com kein nachweislich vors\u00e4tzliches oder grob fahrl\u00e4ssiges Verschulden vorliegt.<\/p>\n\n\n\n<p>Alle Angebote sind freibleibend und unverbindlich. Lucidmoons.com beh\u00e4lt es sich ausdr\u00fccklich vor, Teile der Seiten oder das gesamte Angebot ohne gesonderte Ank\u00fcndigung zu ver\u00e4ndern, zu erg\u00e4nzen, zu l\u00f6schen oder die Ver\u00f6ffentlichung zeitweise oder endg\u00fcltig einzustellen.&nbsp;<\/p>\n\n\n\n<h3 class=\"wp-block-heading\">Haftung f\u00fcr Links<\/h3>\n\n\n\n<p>Verweise und Links auf Webseiten Dritter liegen ausserhalb unseres Verantwortungsbereichs. Es wird jegliche Verantwortung f\u00fcr solche Webseiten abgelehnt. Zugriff und Nutzung solcher Webseiten erfolgen auf eigene Gefahr des Nutzers oder der Nutzerin.<\/p>\n\n\n\n<h3 class=\"wp-block-heading\">Urheber- und Kennzeichenrecht<\/h3>\n\n\n\n<p>lucidmoons.com ist bestrebt, in allen Publikationen die Urheberrechte der verwendeten Bilder, Grafiken, Tondokumente, Videosequenzen und Texte zu beachten, von ihr selbst erstellte Bilder, Grafiken, Tondokumente, Videosequenzen und Texte zu nutzen oder auf lizenzfreie Grafiken, Tondokumente, Videosequenzen und Texte zur\u00fcckzugreifen.<\/p>\n\n\n\n<p>Alle innerhalb des Internetangebotes genannten und gegebenenfalls durch Dritte gesch\u00fctzten Marken- und Warenzeichen unterliegen uneingeschr\u00e4nkt den Bestimmungen des jeweils g\u00fcltigen Kennzeichenrechts und den Besitzrechten der jeweiligen eingetragenen Eigent\u00fcmer. Allein aufgrund der blossen Nennung ist nicht der Schluss zu ziehen, dass Markenzeichen nicht durch Rechte Dritter gesch\u00fctzt sind!<\/p>\n\n\n\n<p>Das Copyright f\u00fcr ver\u00f6ffentlichte, von lucidmoons.com selbst erstellte Objekte bleibt allein bei lucidmoons.com. Eine Vervielf\u00e4ltigung oder Verwendung solcher Grafiken, Tondokumente, Videosequenzen und Texte in anderen elektronischen oder gedruckten Publikationen ist ohne ausdr\u00fcckliche Zustimmung von lucidmoons.com nicht gestattet.<\/p>\n\n\n\n<p>Informationen zu den erhobenen Daten findest du in unserer <a href=\"https:\/\/lucidmoons.com\/de-ch\/datenschutzerklaerung\/\">Datenschutzerkl\u00e4rung<\/a>.<\/p>\n","protected":false},"excerpt":{"rendered":"<p>Impressum Kontaktadresse von Lucid Moons the stories co. GmbHKasimir-Pfyffer-Strasse 16a6003 LuzernSchweiz h&#101;&#x6c;&#x6c;o&#64;&#x6c;&#x75;c&#105;&#x64;&#x6d;o&#111;&#x6e;&#x73;&#46;&#99;&#x6f;&#x6d; Haftungsausschluss Wir \u00fcbernehmen keinerlei Gew\u00e4hr f\u00fcr die Aktualit\u00e4t, Korrektheit, Vollst\u00e4ndigkeit oder Qualit\u00e4t der bereitgestellten Informationen. Haftungsanspr\u00fcche gegen lucidmoons.com, welche sich auf Sch\u00e4den materieller oder ideeller Art beziehen, die durch die Nutzung oder Nichtnutzung der dargebotenen Informationen bzw. durch die Nutzung fehlerhafter und unvollst\u00e4ndiger&nbsp;\u2026<\/p>\n","protected":false},"author":1,"featured_media":0,"parent":0,"menu_order":0,"comment_status":"closed","ping_status":"closed","template":"","meta":{"inline_featured_image":false,"footnotes":""},"class_list":["post-16444","page","type-page","status-publish","hentry"],"_links":{"self":[{"href":"https:\/\/lucidmoons.com\/de-ch\/wp-json\/wp\/v2\/pages\/16444","targetHints":{"allow":["GET"]}}],"collection":[{"href":"https:\/\/lucidmoons.com\/de-ch\/wp-json\/wp\/v2\/pages"}],"about":[{"href":"https:\/\/lucidmoons.com\/de-ch\/wp-json\/wp\/v2\/types\/page"}],"author":[{"embeddable":true,"href":"https:\/\/lucidmoons.com\/de-ch\/wp-json\/wp\/v2\/users\/1"}],"replies":[{"embeddable":true,"href":"https:\/\/lucidmoons.com\/de-ch\/wp-json\/wp\/v2\/comments?post=16444"}],"version-history":[{"count":2,"href":"https:\/\/lucidmoons.com\/de-ch\/wp-json\/wp\/v2\/pages\/16444\/revisions"}],"predecessor-version":[{"id":20772,"href":"https:\/\/lucidmoons.com\/de-ch\/wp-json\/wp\/v2\/pages\/16444\/revisions\/20772"}],"wp:attachment":[{"href":"https:\/\/lucidmoons.com\/de-ch\/wp-json\/wp\/v2\/media?parent=16444"}],"curies":[{"name":"wp","href":"https:\/\/api.w.org\/{rel}","templated":true}]}}