{"id":18465,"date":"2020-10-09T08:36:43","date_gmt":"2020-10-09T06:36:43","guid":{"rendered":"https:\/\/lucidmoons.com\/?page_id=18465"},"modified":"2025-02-17T11:16:02","modified_gmt":"2025-02-17T09:16:02","slug":"partnermodelle","status":"publish","type":"page","link":"https:\/\/lucidmoons.com\/de-ch\/partnermodelle\/","title":{"rendered":"Partnermodelle"},"content":{"rendered":"\n\n\t<section class=\"section\" id=\"section_1402597769\">\n\t\t<div class=\"section-bg fill\" >\n\t\t\t\t\t\t\t\t\t\n\t\t\t\n\n\t\t<\/div>\n\n\t\t\n\n\t\t<div class=\"section-content relative\">\n\t\t\t\n\n<div class=\"row\"  id=\"row-1152031968\">\n\n\n\t<div id=\"col-1250074066\" class=\"col small-12 large-12\"  >\n\t\t\t\t<div class=\"col-inner\"  >\n\t\t\t\n\t\t\t\n\n<h1>Lucid Moons Partnermodelle<\/h1>\n<p><span style=\"font-weight: 300;\">Lucid Moons bietet Frauen die M\u00f6glichkeit in eine bewusste Beziehung mit Sich und Ihrem K\u00f6rper zu kommen. Dies geschieht durch achtsame und sinnliche Erfahrungen mit sich selbst.<\/span><\/p>\n<p><span style=\"font-weight: 300;\">Diese Momente unterst\u00fctzen wir mit wertvollen Kristallen f\u00fcr die weiblichen Rituale.<\/span><\/p>\n<p><span style=\"font-weight: 300;\">Falls Du Interesse hast uns in unserer Vision zu unterst\u00fctzen und Yoni Ei und Yoni Wands deinen Freunden, Familie, Kundinnen oder Followern anzubieten.<\/span><\/p>\n<p><span style=\"font-weight: 300;\">Wir bieten dir die nachfolgenden drei M\u00f6glichkeiten an:<\/span><\/p>\n<ol>\n<li><a href=\"#affiliate\">Affiliate<\/a><\/li>\n<li><a href=\"#wiederverkauf\">Wiederverkauf<\/a><\/li>\n<li><a href=\"#promotion\">Promotion<\/a><\/li>\n<\/ol>\n\n\t\t<\/div>\n\t\t\t\t\t<\/div>\n\n\t\n\n<\/div>\n\n\t\t<\/div>\n\n\t\t\n<style>\n#section_1402597769 {\n  padding-top: 30px;\n  padding-bottom: 30px;\n}\n<\/style>\n\t<\/section>\n\t\n\n\t<section class=\"section\" id=\"section_1428763166\">\n\t\t<div class=\"section-bg fill\" >\n\t\t\t\t\t\t\t\t\t\n\t\t\t\n\n\t\t<\/div>\n\n\t\t\n\n\t\t<div class=\"section-content relative\">\n\t\t\t\n\n<div class=\"row\"  id=\"row-1315089617\">\n\n\n\t<div id=\"col-1759125358\" class=\"col small-12 large-12\"  >\n\t\t\t\t<div class=\"col-inner\"  >\n\t\t\t\n\t\t\t\n\n<h2 id=\"affiliate\">Affiliate-Programm<\/h2>\n<p><span style=\"font-weight: 300;\">Wir generieren dir einen einzigartigen Affiliate-Link, welchen du teilen kannst. Der Link wird auf der Webseite: <\/span><a href=\"https:\/\/lucidmoons.com\/de-ch\/\"><span style=\"font-weight: 300;\">lucidmoons.com<\/span><\/a><span style=\"font-weight: 300;\"> aktiviert und bringt die Kundinnen direkt auf den Shop.<\/span><\/p>\n<p><span style=\"font-weight: 300;\">Jede Bestellung, welche \u00fcber diesen Link generiert wird, generiert <\/span><b>20% Kommission<\/b><span style=\"font-weight: 300;\"> f\u00fcr dich. Du verdienst somit an jeder Bestellung mit. Diese Kommission wird monatlich \u00fcber PayPal abgerechnet und an dich zur\u00fcckgespielt.<\/span><\/p>\n<p><span style=\"font-weight: 300;\">Du hast bei diesem Modell keine Fixkosten und keine Initialkosten und kannst somit sofort loslegen.<\/span><\/p>\n<div class=\"afwc_reg_form_wrapper\"><form action=\"#\" id=\"afwc_registration_form\"><div class=\"afwc_reg_field_wrapper afwc_reg_email \"><label for=\"afwc_reg_email\" class=\"afwc_required\">E-Mail<\/label><input type=\"email\" id=\"afwc_reg_email\" name=\"afwc_reg_email\" required class=\"afwc_reg_form_field\"  value=\"\"\/><\/div><div class=\"afwc_reg_field_wrapper afwc_reg_first_name afwc_is_half\"><label for=\"afwc_reg_first_name\" class=\"afwc_\">Vorname<\/label><input type=\"text\" id=\"afwc_reg_first_name\" name=\"afwc_reg_first_name\"  class=\"afwc_reg_form_field\"  value=\"\"\/><\/div><div class=\"afwc_reg_field_wrapper afwc_reg_last_name afwc_is_half\"><label for=\"afwc_reg_last_name\" class=\"afwc_\">Nachname<\/label><input type=\"text\" id=\"afwc_reg_last_name\" name=\"afwc_reg_last_name\"  class=\"afwc_reg_form_field\"  value=\"\"\/><\/div><div class=\"afwc_reg_field_wrapper afwc_reg_contact \"><label for=\"afwc_reg_contact\" class=\"afwc_\">Telefonnummer oder beste M\u00f6glichkeit, mit Dir zu sprechen<\/label><input type=\"text\" id=\"afwc_reg_contact\" name=\"afwc_reg_contact\"  class=\"afwc_reg_form_field\"  value=\"\"\/><\/div><div class=\"afwc_reg_field_wrapper afwc_reg_website \"><label for=\"afwc_reg_website\" class=\"afwc_\">Webseite<\/label><input type=\"text\" id=\"afwc_reg_website\" name=\"afwc_reg_website\"  class=\"afwc_reg_form_field\"  value=\"\"\/><\/div><div class=\"afwc_reg_field_wrapper afwc_reg_password afwc_is_half\"><label for=\"afwc_reg_password\" class=\"afwc_required\">Passwort<\/label><input type=\"password\" id=\"afwc_reg_password\" name=\"afwc_reg_password\" required class=\"afwc_reg_form_field\"  value=\"\"\/><\/div><div class=\"afwc_reg_field_wrapper afwc_reg_confirm_password afwc_is_half\"><label for=\"afwc_reg_confirm_password\" class=\"afwc_required\">Passwort best\u00e4tigen<\/label><input type=\"password\" id=\"afwc_reg_confirm_password\" name=\"afwc_reg_confirm_password\" required class=\"afwc_reg_form_field\"  value=\"\"\/><\/div><div class=\"afwc_reg_field_wrapper afwc_reg_desc \"><label for=\"afwc_reg_desc\" class=\"afwc_required\">Erz\u00e4hle uns mehr \u00fcber Dich und warum Du mit uns zusammenarbeiten m\u00f6chtest. Wir freuen uns auch mehr \u00fcber deine Social Media Kan\u00e4le zu erfahren und wo du \u00fcber unsere Produkte sprechen m\u00f6chtest.<\/label><textarea name=\"afwc_reg_desc\" id=\"afwc_reg_desc\" required size=\"100\" rows=\"5\" cols=\"58\" class=\"afwc_reg_form_field\"><\/textarea><\/div><div class=\"afwc_reg_field_wrapper afwc_reg_terms \"><label for=\"afwc_reg_terms\" class=\"afwc_required\"><input type=\"checkbox\" id=\"afwc_reg_terms\" name=\"afwc_reg_terms\" required class=\"afwc_reg_form_field\"  value=\"\"\/>Ich akzeptiere alle Bedingungen dieses Programms<\/label><\/div><input type=\"hidden\" name=\"afwc_registration\" id=\"afwc_registration\" value=\"9f243397a7\"\/><label style=\"position:absolute;top:-99999px;left:-99999px;z-index:-99;\"><input type=\"text\" name=\"afwc_hp_email\"  tabindex=\"-1\" autocomplete=\"-1\" value=\"\"\/><\/label><div class=\"afwc_reg_field_wrapper\"><input type=\"submit\" name=\"submit\" class=\"afwc_registration_form_submit\" id=\"afwc_registration_form_submit\" value=\"Senden\"\/><div class=\"afwc_reg_loader\"><img decoding=\"async\" src=\"https:\/\/lucidmoons.com\/wp-content\/plugins\/woocommerce\/assets\/images\/wpspin-2x.gif\" alt=\"\" title=\"\"><\/div><\/div><div class=\"afwc_reg_message\"><\/div><\/form><\/div>\n<p><b>Bitte beachte<\/b><span style=\"font-weight: 300;\">: Wir bieten nur bei befristeten Promotionen (<\/span><i><span style=\"font-weight: 300;\">siehe Abschnitt 3<\/span><\/i><span style=\"font-weight: 300;\">) einen personalisierten Rabattcode an. Um Provisionen zu protokollieren, muss \u00fcber diesen Link eingekauft werden.<\/span><\/p>\n\n\t\t<\/div>\n\t\t\t\t\t<\/div>\n\n\t\n\n<\/div>\n\n\t\t<\/div>\n\n\t\t\n<style>\n#section_1428763166 {\n  padding-top: 30px;\n  padding-bottom: 30px;\n}\n<\/style>\n\t<\/section>\n\t\n\n\t<section class=\"section\" id=\"section_726731451\">\n\t\t<div class=\"section-bg fill\" >\n\t\t\t\t\t\t\t\t\t\n\t\t\t\n\n\t\t<\/div>\n\n\t\t\n\n\t\t<div class=\"section-content relative\">\n\t\t\t\n\n<div class=\"row\"  id=\"row-488805281\">\n\n\n\t<div id=\"col-605329510\" class=\"col small-12 large-12\"  >\n\t\t\t\t<div class=\"col-inner\"  >\n\t\t\t\n\t\t\t\n\n<h2 id=\"wiederverkauf\">Wiederverkauf<\/h2>\n<p><span style=\"font-weight: 300;\">Wenn du beispielsweise Workshops, Seminare oder Retreats organisierst oder sogar ein Yogastudio, eine eigene Praxis oder einen Online-Shop betreibst, so bieten wir dir die M\u00f6glichkeit GIA zertifizierte Yoni Eggs und Yoni Wands zu verg\u00fcnstigten Konditionen einzukaufen.<\/span><\/p>\n<p><span style=\"font-weight: 300;\">Die Mindestbestellmenge pro Bestellung betr\u00e4gt CHF 800.00 um von verg\u00fcnstigten Einkaufspreisen zu profitieren. Dieses Angebot gilt nur, sofern die Produkte auch tats\u00e4chlich f\u00fcr den Wiederverkauf gedacht sind. Die Einkaufskonditionen besprechen wir gerne bei der ersten Kontaktaufnahme.<\/span><\/p>\n<p><span style=\"font-weight: 300;\">Jedes Produkt wird einzeln von Hand verpackt und in einem schwarzen Velvet-S\u00e4ckchen und mit einer Produktbeschreibung geliefert. Zu jedem Yoni Egg kommt zus\u00e4tzlich ein Yoni Egg String hinzu.<\/span><\/p>\n<p><span style=\"font-weight: 300;\">Wir liefern zudem passende Produktbeschreibungen und Bilder f\u00fcr die Produktplatzierung auf der eigenen Webseite, dem Online-Shop oder zur Verwendung auf Social Media.<\/span><\/p>\n<p><span style=\"font-weight: 300;\">Der Versand der Produkte an deine Adresse ist kostenlos und du hast keine monatlichen oder j\u00e4hrlichen Mindestbestellmengen.<\/span><\/p>\n<p><span style=\"font-weight: 300;\">Falls Du Interesse hast, so melde dich unter <\/span><a href=\"&#109;&#x61;i&#108;&#x74;o&#58;&#x68;e&#108;&#x6c;o&#64;&#x6c;u&#99;&#x69;d&#109;&#x6f;o&#110;&#x73;&#46;&#99;&#x6f;m\"><span style=\"font-weight: 300;\">&#104;e&#x6c;l&#x6f;&#64;&#x6c;&#117;&#x63;&#105;d&#x6d;o&#x6f;&#110;&#x73;&#46;&#x63;&#111;&#x6d;<\/span><\/a><span style=\"font-weight: 300;\"> und beschreibe uns kurz \u00fcber welchen Kanal du die Produkte gerne vertreiben m\u00f6chtest und f\u00fcr welche Produkte du dich interessierst. Gerne lassen wir dir anschliessend die Einkaufspreise f\u00fcr die einzelnen Produkte zukommen.<\/span><\/p>\n\n\t\t<\/div>\n\t\t\t\t\t<\/div>\n\n\t\n\n<\/div>\n\n\t\t<\/div>\n\n\t\t\n<style>\n#section_726731451 {\n  padding-top: 30px;\n  padding-bottom: 30px;\n}\n<\/style>\n\t<\/section>\n\t\n\n\t<section class=\"section\" id=\"section_750563129\">\n\t\t<div class=\"section-bg fill\" >\n\t\t\t\t\t\t\t\t\t\n\t\t\t\n\n\t\t<\/div>\n\n\t\t\n\n\t\t<div class=\"section-content relative\">\n\t\t\t\n\n<div class=\"row\"  id=\"row-510243583\">\n\n\n\t<div id=\"col-2038879327\" class=\"col small-12 large-12\"  >\n\t\t\t\t<div class=\"col-inner\"  >\n\t\t\t\n\t\t\t\n\n<h2 id=\"promotion\">Promotion<\/h2>\n<p><span style=\"font-weight: 300;\">Wir freuen uns, wenn wir dich auf Social Media oder bei Wettbewerben unterst\u00fctzen k\u00f6nnen. Wir bieten dir nach Absprache die M\u00f6glichkeit deinen Followern und Kundinnen einen einmaligen und befristeten, speziellen Rabatt zu gew\u00e4hren.<\/span><\/p>\n<p><span style=\"font-weight: 300;\">Wir generieren dir dazu einen Code, \u00fcber welchen die Kundinnen in unseren beiden Shops yoni-egg.ch (Schweiz) und lucidmoons.com (Weltweit) einkaufen und vom Rabatt profitieren k\u00f6nnen.<\/span><\/p>\n<p><span style=\"font-weight: 300;\">Schreibe uns dazu auf <\/span><a href=\"&#109;&#x61;&#105;&#x6c;t&#x6f;:&#104;&#x65;&#108;&#x6c;&#111;&#x40;l&#x75;c&#105;&#x64;&#109;&#x6f;o&#x6e;s&#x2e;&#x63;&#111;&#x6d;\"><span style=\"font-weight: 300;\">&#x68;&#x65;&#x6c;&#x6c;&#111;&#64;&#108;&#117;cid&#x6d;&#x6f;&#x6f;&#x6e;&#x73;&#46;&#99;&#111;m<\/span><\/a><span style=\"font-weight: 300;\"> eine Nachricht und was du dir f\u00fcr eine Kampagne vorstellst. Gerne k\u00f6nnen dir anschliessend die H\u00f6he des Rabatts und die Zeitdauer gemeinsam definieren.<\/span><\/p>\n\n\t\t<\/div>\n\t\t\t\t\t<\/div>\n\n\t\n\n<\/div>\n\n\t\t<\/div>\n\n\t\t\n<style>\n#section_750563129 {\n  padding-top: 30px;\n  padding-bottom: 30px;\n}\n<\/style>\n\t<\/section>\n\t\n\n\t<section class=\"section\" id=\"section_1512622034\">\n\t\t<div class=\"section-bg fill\" >\n\t\t\t\t\t\t\t\t\t\n\t\t\t\n\n\t\t<\/div>\n\n\t\t\n\n\t\t<div class=\"section-content relative\">\n\t\t\t\n\n<div class=\"row\"  id=\"row-1839536446\">\n\n\n\t<div id=\"col-811359597\" class=\"col small-12 large-12\"  >\n\t\t\t\t<div class=\"col-inner\"  >\n\t\t\t\n\t\t\t\n\n<h2 id=\"gueltigkeit\">G\u00fcltigkeit<\/h2>\n<p>Diese Bestimmungen gelten bis zum 31.12.2025.<\/p>\n\n\n\t\t<\/div>\n\t\t\t\t\t<\/div>\n\n\t\n\n<\/div>\n\n\t\t<\/div>\n\n\t\t\n<style>\n#section_1512622034 {\n  padding-top: 30px;\n  padding-bottom: 30px;\n}\n<\/style>\n\t<\/section>\n\t\n\n","protected":false},"excerpt":{"rendered":"","protected":false},"author":1,"featured_media":0,"parent":0,"menu_order":0,"comment_status":"closed","ping_status":"closed","template":"","meta":{"inline_featured_image":false,"footnotes":""},"class_list":["post-18465","page","type-page","status-publish","hentry"],"_links":{"self":[{"href":"https:\/\/lucidmoons.com\/de-ch\/wp-json\/wp\/v2\/pages\/18465","targetHints":{"allow":["GET"]}}],"collection":[{"href":"https:\/\/lucidmoons.com\/de-ch\/wp-json\/wp\/v2\/pages"}],"about":[{"href":"https:\/\/lucidmoons.com\/de-ch\/wp-json\/wp\/v2\/types\/page"}],"author":[{"embeddable":true,"href":"https:\/\/lucidmoons.com\/de-ch\/wp-json\/wp\/v2\/users\/1"}],"replies":[{"embeddable":true,"href":"https:\/\/lucidmoons.com\/de-ch\/wp-json\/wp\/v2\/comments?post=18465"}],"version-history":[{"count":5,"href":"https:\/\/lucidmoons.com\/de-ch\/wp-json\/wp\/v2\/pages\/18465\/revisions"}],"predecessor-version":[{"id":20790,"href":"https:\/\/lucidmoons.com\/de-ch\/wp-json\/wp\/v2\/pages\/18465\/revisions\/20790"}],"wp:attachment":[{"href":"https:\/\/lucidmoons.com\/de-ch\/wp-json\/wp\/v2\/media?parent=18465"}],"curies":[{"name":"wp","href":"https:\/\/api.w.org\/{rel}","templated":true}]}}