{"id":16253,"date":"2019-07-27T19:42:47","date_gmt":"2019-07-27T17:42:47","guid":{"rendered":"https:\/\/lucidmoons.com\/shop\/unkategorisiert\/yoni-egg-string\/"},"modified":"2022-10-18T10:12:59","modified_gmt":"2022-10-18T08:12:59","slug":"yoni-egg-string","status":"publish","type":"product","link":"https:\/\/lucidmoons.com\/de-ch\/shop\/zubehoer\/yoni-egg-string\/","title":{"rendered":"Yoni Egg String"},"content":{"rendered":"<p><iframe src=\"https:\/\/player.vimeo.com\/video\/425162934\" width=\"640\" height=\"360\" frameborder=\"0\" allow=\"autoplay; fullscreen\" allowfullscreen=\"\"><\/iframe><\/p>\n<p>Die Schnur hat, im Gegensatz zu handels\u00fcblichen Produkten wie Zahnseide, kein Aroma oder Zusatzstoffe wie Fluorid.<\/p>\n<p>Die Schnur ist 30 Meter lang und kann durch die \u00d6ffnung beliebig lang zugeschnitten werden. Den String\u00a0einfach durch das Loch des Yoni Eggs durchf\u00fchren, so dass eine Schlaufe entsteht. Anschliessend mit einem doppelten Knoten die offenen Enden zusammenbinden.<\/p>\n<p>Den Yoni Egg String nach jedem Gebrauch wechseln.<\/p>\n","protected":false},"excerpt":{"rendered":"<p>Nat\u00fcrlicher Yoni Egg String f\u00fcr deine Yoni Eggs. Die Schnur ist 100% nat\u00fcrlich und vegan. Sie wird auf pflanzlicher Basis hergestellt (PLA) und ist mit nat\u00fcrlichem Candelillawachs veredelt.<\/p>\n","protected":false},"featured_media":16254,"template":"","meta":{"inline_featured_image":false},"product_brand":[],"product_cat":[2277],"product_tag":[],"class_list":{"0":"post-16253","1":"product","2":"type-product","3":"status-publish","4":"has-post-thumbnail","6":"product_cat-zubehoer","7":"product_shipping_class-postpac0-de-de-de-ch-de-ch","9":"first","10":"instock","11":"taxable","12":"shipping-taxable","13":"purchasable","14":"product-type-simple"},"_links":{"self":[{"href":"https:\/\/lucidmoons.com\/de-ch\/wp-json\/wp\/v2\/product\/16253","targetHints":{"allow":["GET"]}}],"collection":[{"href":"https:\/\/lucidmoons.com\/de-ch\/wp-json\/wp\/v2\/product"}],"about":[{"href":"https:\/\/lucidmoons.com\/de-ch\/wp-json\/wp\/v2\/types\/product"}],"wp:featuredmedia":[{"embeddable":true,"href":"https:\/\/lucidmoons.com\/de-ch\/wp-json\/wp\/v2\/media\/16254"}],"wp:attachment":[{"href":"https:\/\/lucidmoons.com\/de-ch\/wp-json\/wp\/v2\/media?parent=16253"}],"wp:term":[{"taxonomy":"product_brand","embeddable":true,"href":"https:\/\/lucidmoons.com\/de-ch\/wp-json\/wp\/v2\/product_brand?post=16253"},{"taxonomy":"product_cat","embeddable":true,"href":"https:\/\/lucidmoons.com\/de-ch\/wp-json\/wp\/v2\/product_cat?post=16253"},{"taxonomy":"product_tag","embeddable":true,"href":"https:\/\/lucidmoons.com\/de-ch\/wp-json\/wp\/v2\/product_tag?post=16253"}],"curies":[{"name":"wp","href":"https:\/\/api.w.org\/{rel}","templated":true}]}}