{"id":16257,"date":"2019-07-27T19:08:11","date_gmt":"2019-07-27T17:08:11","guid":{"rendered":"https:\/\/lucidmoons.com\/shop\/unkategorisiert\/smudge-stick-aus-weissem-salbei\/"},"modified":"2024-07-24T15:54:45","modified_gmt":"2024-07-24T13:54:45","slug":"smudge-stick","status":"publish","type":"product","link":"https:\/\/lucidmoons.com\/de-ch\/shop\/zubehoer\/smudge-stick\/","title":{"rendered":"Weisser Salbei zum R\u00e4uchern \u2013 Smudge Stick"},"content":{"rendered":"<p>Da Kristalle die Energien ihres Umfelds absorbieren, sollten insbesondere <a href=\"https:\/\/lucidmoons.com\/de-ch\/shop\/yoni-ei\/\">Yoni Eggs<\/a> und <a href=\"https:\/\/lucidmoons.com\/de-ch\/shop\/yoni-wand\/\">Yoni Wands<\/a>, welche oft unbewusst gehaltene negative Energien in der Yoni absorbieren, regelm\u00e4ssig energetisch gereinigt werden.<\/p>\n<p>Der Rauch des weissen Salbei entfernt alle angesammelten Energien, sodass der Stein sich wieder nat\u00fcrlich laden kann und die heilende Wirkung bei der Anwendung voll entfalten kann.<\/p>\n<h3>ANWENDUNG<\/h3>\n<ol>\n<li>\u00d6ffne die Fenster und T\u00fcren, damit negative Energien entweichen k\u00f6nnen.<\/li>\n<li>Z\u00fcnde das vordere Ende des Sage-B\u00fcndels an und lass es ca. 30 Sekunden brennen bis sich leichter Rauch bildet, dann puste die Flamme aus.<\/li>\n<li>Setze Dir eine Intention, welche klar andeutet warum Du Deine Kristalle energetisch reinigen m\u00f6chtest.<\/li>\n<li>Halte Dein Yoni Egg oder Wand mit etwas Abstand \u00fcber den rauchenden Sage, damit der aufsteigende Rauch Deinen Kristall von allen Seiten reinigen kann.<\/li>\n<\/ol>\n<p>Du kannst den Sage auch verwenden, um Dein Zuhause von abgestandenen Energien, Stress oder Negativit\u00e4t zu reinigen.<\/p>\n<p>Sobald Du mit der Reinigung fertig bist, dr\u00fccke die Glut am Salbei vorsichtig aus. Stelle den Salbei am besten noch eine Zeit an einem ungef\u00e4hrlichen Ort ab (am besten draussen), damit auch die letzte Glut erlischt.<\/p>\n","protected":false},"excerpt":{"rendered":"<p>Weisser Salbei (salvia apiana), auch Sage genannt, ist eine der wichtigsten Heilpflanzen, welche bereits fr\u00fcher von indigenen V\u00f6lkern f\u00fcr Zeremonien, sowie die Reinigung von R\u00e4umen und Gegenst\u00e4nden, verwendet wurde.<\/p>\n","protected":false},"featured_media":16258,"template":"","meta":{"inline_featured_image":false},"product_brand":[],"product_cat":[2277],"product_tag":[2282],"class_list":{"0":"post-16257","1":"product","2":"type-product","3":"status-publish","4":"has-post-thumbnail","6":"product_cat-zubehoer","7":"product_tag-salbei-de-ch-2","8":"product_shipping_class-postpac0-de-de-de-ch-de-ch","10":"first","11":"instock","12":"taxable","13":"shipping-taxable","14":"purchasable","15":"product-type-simple"},"_links":{"self":[{"href":"https:\/\/lucidmoons.com\/de-ch\/wp-json\/wp\/v2\/product\/16257","targetHints":{"allow":["GET"]}}],"collection":[{"href":"https:\/\/lucidmoons.com\/de-ch\/wp-json\/wp\/v2\/product"}],"about":[{"href":"https:\/\/lucidmoons.com\/de-ch\/wp-json\/wp\/v2\/types\/product"}],"wp:featuredmedia":[{"embeddable":true,"href":"https:\/\/lucidmoons.com\/de-ch\/wp-json\/wp\/v2\/media\/16258"}],"wp:attachment":[{"href":"https:\/\/lucidmoons.com\/de-ch\/wp-json\/wp\/v2\/media?parent=16257"}],"wp:term":[{"taxonomy":"product_brand","embeddable":true,"href":"https:\/\/lucidmoons.com\/de-ch\/wp-json\/wp\/v2\/product_brand?post=16257"},{"taxonomy":"product_cat","embeddable":true,"href":"https:\/\/lucidmoons.com\/de-ch\/wp-json\/wp\/v2\/product_cat?post=16257"},{"taxonomy":"product_tag","embeddable":true,"href":"https:\/\/lucidmoons.com\/de-ch\/wp-json\/wp\/v2\/product_tag?post=16257"}],"curies":[{"name":"wp","href":"https:\/\/api.w.org\/{rel}","templated":true}]}}