{"id":16275,"date":"2019-04-14T14:26:02","date_gmt":"2019-04-14T12:26:02","guid":{"rendered":"https:\/\/lucidmoons.com\/shop\/unkategorisiert\/obsidian-yoni-wand\/"},"modified":"2025-08-24T23:10:50","modified_gmt":"2025-08-24T21:10:50","slug":"obsidian-yoni-wand","status":"publish","type":"product","link":"https:\/\/lucidmoons.com\/de-ch\/shop\/yoni-wand\/obsidian-yoni-wand\/","title":{"rendered":"Yoni Wand aus Obsidian"},"content":{"rendered":"<p>Obsidian hilft dabei Dich von negativen Gedankenmustern zu befreien, welche Dich von Deiner pers\u00f6nlichen und sexuellen Entwicklung abhalten. Nebst den sch\u00fctzenden und reinigenden Eigenschaften, ist Obsidian auch ein besonders erdender Kristall.<\/p>\n<p>Seine stark l\u00f6senden und befreienden Energien machen diesen Kristall besonders wertvoll um Trauma in der Yoni zu l\u00f6sen, welche sich durch negative Erfahrungen manifestiert haben.<\/p>\n<p>Das Lavagestein bringt das Element des Feuers, f\u00fcr intensive und erdende Orgasmen. Obsidian wirkt energetisierend und st\u00e4rkend, und weckt nicht nur Deine Sexualit\u00e4t, sondern gleichzeitig auch die Leidenschaft in allen Bereichen Deines Lebens.<\/p>\n<p>Gr\u00f6sse: 17.5cm L\u00e4nge, 4.00cm Breite am Ende und 2.20cm Breite an der Spitze.<\/p>\n<p>Herkunft unseres Obsidian Kristalls: Obsidian wird aus geschmolzener und wieder verh\u00e4rteter Lava gewonnen und ist technische gesehen ein Glas. Obsidian kommt nat\u00fcrlich dort vor, wo es Vulkane und Erdausbr\u00fcche gibt. Unseren Obsidian beziehen wir aus Mexiko.<\/p>\n<p>Erfahre mehr zur Anwendung und Pflege auf der <a href=\"https:\/\/lucidmoons.com\/de-de\/shop\/yoni-wand\/\">\u00dcbersichtsseite<\/a> oder sieh dir die <a href=\"https:\/\/lucidmoons.com\/de-de\/shop\/yoni-wand\/bergkristall-yoni-wand\/\">Yoni Wands aus Clear Quartz (Bergkristall)<\/a> und <a href=\"https:\/\/lucidmoons.com\/de-de\/shop\/yoni-wand\/rosenquarz-yoni-wand\/\">Rosenquarz<\/a> an.<\/p>\n","protected":false},"excerpt":{"rendered":"<div class=\"stonename\">\u00abEmpowerment\u00bb<\/div>\n<p>Der schwarze Obsidian Wand, aus reinem Lavagestein, ist ein starker Kristall f\u00fcr Schutz und Reinigung. Er l\u00f6st Disharmonien, negative Anhaftungen, alte Muster und negative Emotionen.<\/p>\n","protected":false},"featured_media":16276,"template":"","meta":{"inline_featured_image":false},"product_brand":[],"product_cat":[2302,2301],"product_tag":[],"class_list":{"0":"post-16275","1":"product","2":"type-product","3":"status-publish","4":"has-post-thumbnail","6":"product_cat-yoni-wand","7":"product_cat-obsidian","8":"product_shipping_class-postpac0-de-de-de-ch-de-ch","10":"first","11":"instock","12":"taxable","13":"shipping-taxable","14":"purchasable","15":"product-type-simple"},"_links":{"self":[{"href":"https:\/\/lucidmoons.com\/de-ch\/wp-json\/wp\/v2\/product\/16275","targetHints":{"allow":["GET"]}}],"collection":[{"href":"https:\/\/lucidmoons.com\/de-ch\/wp-json\/wp\/v2\/product"}],"about":[{"href":"https:\/\/lucidmoons.com\/de-ch\/wp-json\/wp\/v2\/types\/product"}],"wp:featuredmedia":[{"embeddable":true,"href":"https:\/\/lucidmoons.com\/de-ch\/wp-json\/wp\/v2\/media\/16276"}],"wp:attachment":[{"href":"https:\/\/lucidmoons.com\/de-ch\/wp-json\/wp\/v2\/media?parent=16275"}],"wp:term":[{"taxonomy":"product_brand","embeddable":true,"href":"https:\/\/lucidmoons.com\/de-ch\/wp-json\/wp\/v2\/product_brand?post=16275"},{"taxonomy":"product_cat","embeddable":true,"href":"https:\/\/lucidmoons.com\/de-ch\/wp-json\/wp\/v2\/product_cat?post=16275"},{"taxonomy":"product_tag","embeddable":true,"href":"https:\/\/lucidmoons.com\/de-ch\/wp-json\/wp\/v2\/product_tag?post=16275"}],"curies":[{"name":"wp","href":"https:\/\/api.w.org\/{rel}","templated":true}]}}