{"id":16279,"date":"2019-04-14T14:24:38","date_gmt":"2019-04-14T12:24:38","guid":{"rendered":"https:\/\/lucidmoons.com\/shop\/unkategorisiert\/bergkristall-yoni-wand\/"},"modified":"2026-03-11T14:00:53","modified_gmt":"2026-03-11T12:00:53","slug":"bergkristall-yoni-wand","status":"publish","type":"product","link":"https:\/\/lucidmoons.com\/de-ch\/shop\/yoni-wand\/bergkristall-yoni-wand\/","title":{"rendered":"Yoni Wand aus Bergkristall"},"content":{"rendered":"<p>Er absorbiert, reguliert und l\u00f6st stagnierende Energien im K\u00f6rper. Clear Quartz ist ein wundervoller Kristall um Klarheit zu bringen.<\/p>\n<p>Der Clear Quartz Wand kann Dich bei der Heilung vergangener Trauma unterst\u00fctzen, damit Du Vertrauen in Deine eigene Sexualit\u00e4t wiederherstellen kannst und Deinen sexuellen Instinkten, ohne jegliche Scham- und Schuldgef\u00fchle, folgen kannst.<\/p>\n<p>Auch absorbiert der Clear Quartz negative Energien jeglicher Art, und reinigt Dich auf allen Ebenen. Er ist ein besonders wertvoller Kristall f\u00fcr Manifestationen und Intentionen, da er eine verst\u00e4rkende Wirkung von Energien hat. Dies hilft auch besonders dabei die sexuelle Energie in der Yoni zu verst\u00e4rken und im ganzen K\u00f6rper auszuweiten.<\/p>\n<p>Gr\u00f6sse: 17.5cm L\u00e4nge, 4.00cm Breite am Ende und 2.20cm Breite an der Spitze.<\/p>\n<p>Herkunft unseres Bergkristalls: Bergkristall kommt wie viele Quarz-Kristalle auf allen Kontinenten vor und wir je nach weltweiter Marktsituation und Qualit\u00e4t in unterschiedlichen L\u00e4ndern von uns eingekauft.<\/p>\n<p>Erfahre mehr zur Anwendung und Pflege auf der <a href=\"https:\/\/lucidmoons.com\/de-de\/shop\/yoni-wand\/\">\u00dcbersichtsseite<\/a> oder sieh dir die <a href=\"https:\/\/lucidmoons.com\/de-de\/shop\/yoni-wand\/rosenquarz-yoni-wand\/\">Yoni Wands aus Rosenquarz<\/a>\u00a0und <a href=\"https:\/\/lucidmoons.com\/de-de\/shop\/yoni-wand\/obsidian-yoni-wand\/\">Obsidian<\/a> an.<\/p>\n","protected":false},"excerpt":{"rendered":"<div class=\"stonename\">\u00abPurity\u00bb<\/div>\n<p>Clear Quartz, oder auch Bergkristall genannt, ist ein besonders heilender, balancierender und st\u00e4rkender Kristall, welcher das Nervensystem ausgleicht und K\u00f6rper, Geist und Seele verbindet.<\/p>\n","protected":false},"featured_media":16280,"template":"","meta":{"inline_featured_image":false},"product_brand":[],"product_cat":[2302,2305],"product_tag":[],"class_list":{"0":"post-16279","1":"product","2":"type-product","3":"status-publish","4":"has-post-thumbnail","6":"product_cat-yoni-wand","7":"product_cat-bergkristall","9":"first","10":"instock","11":"taxable","12":"shipping-taxable","13":"purchasable","14":"product-type-simple"},"_links":{"self":[{"href":"https:\/\/lucidmoons.com\/de-ch\/wp-json\/wp\/v2\/product\/16279","targetHints":{"allow":["GET"]}}],"collection":[{"href":"https:\/\/lucidmoons.com\/de-ch\/wp-json\/wp\/v2\/product"}],"about":[{"href":"https:\/\/lucidmoons.com\/de-ch\/wp-json\/wp\/v2\/types\/product"}],"wp:featuredmedia":[{"embeddable":true,"href":"https:\/\/lucidmoons.com\/de-ch\/wp-json\/wp\/v2\/media\/16280"}],"wp:attachment":[{"href":"https:\/\/lucidmoons.com\/de-ch\/wp-json\/wp\/v2\/media?parent=16279"}],"wp:term":[{"taxonomy":"product_brand","embeddable":true,"href":"https:\/\/lucidmoons.com\/de-ch\/wp-json\/wp\/v2\/product_brand?post=16279"},{"taxonomy":"product_cat","embeddable":true,"href":"https:\/\/lucidmoons.com\/de-ch\/wp-json\/wp\/v2\/product_cat?post=16279"},{"taxonomy":"product_tag","embeddable":true,"href":"https:\/\/lucidmoons.com\/de-ch\/wp-json\/wp\/v2\/product_tag?post=16279"}],"curies":[{"name":"wp","href":"https:\/\/api.w.org\/{rel}","templated":true}]}}