{"id":16286,"date":"2019-04-14T14:24:07","date_gmt":"2019-04-14T12:24:07","guid":{"rendered":"https:\/\/lucidmoons.com\/shop\/unkategorisiert\/rosenquarz-yoni-wand\/"},"modified":"2025-10-12T15:54:35","modified_gmt":"2025-10-12T13:54:35","slug":"rosenquarz-yoni-wand","status":"publish","type":"product","link":"https:\/\/lucidmoons.com\/de-ch\/shop\/yoni-wand\/rosenquarz-yoni-wand\/","title":{"rendered":"Yoni Wand aus Rosenquarz"},"content":{"rendered":"<p>Der Yoni Wand aus Rosenquarz eignet sich besonders f\u00fcr Frauen, welche sich der Sch\u00f6nheit der Intimit\u00e4t und Sinnlichkeit \u00f6ffnen wollen, und ihren ganzen K\u00f6rper mit liebender Energie f\u00fcllen m\u00f6chten.<\/p>\n<p>Der Wand kann dabei helfen, unerwartete Emotionen und Trauma zu l\u00f6sen, und schmerzhafte Gedanken- und Verhaltensmuster zu heilen. Auch macht Dich der Rosenquarz durch die herz\u00f6ffnende Wirkung empf\u00e4nglicher und erlaubt Dir somit mit mehr Leichtigkeit und Akzeptanz neue Lebenssituationen anzunehmen.<\/p>\n<p>Vorallem aber st\u00e4rkt der Rosenquarz Deine Selbstliebe, und erinnert Dich daran, wie wertvoll und vollkommen Du bist &#8211; genau jetzt. Er f\u00f6rdert Vergebung und Akzeptanz, und st\u00e4rkt das Selbstvertrauen und Selbstwertgef\u00fchl. Nutzt Du den Rosenquarz Wand zu zweit mit Deinem Partner oder Deiner Partnerin, wird die liebevolle Energie durch den Kristall besonders verst\u00e4rkt.<\/p>\n<p>Gr\u00f6sse: 17.5cm L\u00e4nge, 4.00cm Breite am Ende und 2.20cm Breite an der Spitze.<\/p>\n<p>Herkunft unseres Rosenquarz Kristalls: Rosenquarz kommt wie viele Quarz-Kristalle auf allen Kontinenten vor und wir je nach weltweiter Marktsituation und Qualit\u00e4t in unterschiedlichen L\u00e4ndern von uns eingekauft. Unser Rosenquarz stammt aktuell aus Brasilien.<\/p>\n<p>Erfahre mehr zur Anwendung und Pflege auf der <a href=\"https:\/\/lucidmoons.com\/de-ch\/shop\/yoni-wand\/\">\u00dcbersichtsseite<\/a> oder sieh dir die Yoni Wands aus <a href=\"https:\/\/lucidmoons.com\/de-ch\/shop\/yoni-wand\/obsidian-yoni-wand\/\">Obsidian<\/a> oder <a href=\"https:\/\/lucidmoons.com\/de-ch\/shop\/yoni-wand\/bergkristall-yoni-wand\/\">Clear Quartz (Bergkristall)<\/a> an.<\/p>\n","protected":false},"excerpt":{"rendered":"<div class=\"stonename\">\u00abRomance\u00bb<\/div>\n<p>Rosenquarz ist der Stein bedingungsloser Liebe. Er \u00f6ffnet das Herz und verst\u00e4rkt Gef\u00fchle der Selbstliebe, des Selbstwertes und der Liebe f\u00fcr andere.<\/p>\n","protected":false},"featured_media":16288,"template":"","meta":{"inline_featured_image":false},"product_brand":[],"product_cat":[2302,2293],"product_tag":[],"class_list":{"0":"post-16286","1":"product","2":"type-product","3":"status-publish","4":"has-post-thumbnail","6":"product_cat-yoni-wand","7":"product_cat-rosenquarz","8":"product_shipping_class-postpac0-de-de-de-ch-de-ch","10":"first","11":"instock","12":"taxable","13":"shipping-taxable","14":"purchasable","15":"product-type-simple"},"_links":{"self":[{"href":"https:\/\/lucidmoons.com\/de-ch\/wp-json\/wp\/v2\/product\/16286","targetHints":{"allow":["GET"]}}],"collection":[{"href":"https:\/\/lucidmoons.com\/de-ch\/wp-json\/wp\/v2\/product"}],"about":[{"href":"https:\/\/lucidmoons.com\/de-ch\/wp-json\/wp\/v2\/types\/product"}],"wp:featuredmedia":[{"embeddable":true,"href":"https:\/\/lucidmoons.com\/de-ch\/wp-json\/wp\/v2\/media\/16288"}],"wp:attachment":[{"href":"https:\/\/lucidmoons.com\/de-ch\/wp-json\/wp\/v2\/media?parent=16286"}],"wp:term":[{"taxonomy":"product_brand","embeddable":true,"href":"https:\/\/lucidmoons.com\/de-ch\/wp-json\/wp\/v2\/product_brand?post=16286"},{"taxonomy":"product_cat","embeddable":true,"href":"https:\/\/lucidmoons.com\/de-ch\/wp-json\/wp\/v2\/product_cat?post=16286"},{"taxonomy":"product_tag","embeddable":true,"href":"https:\/\/lucidmoons.com\/de-ch\/wp-json\/wp\/v2\/product_tag?post=16286"}],"curies":[{"name":"wp","href":"https:\/\/api.w.org\/{rel}","templated":true}]}}