{"id":16298,"date":"2019-04-14T14:17:52","date_gmt":"2019-04-14T12:17:52","guid":{"rendered":"https:\/\/lucidmoons.com\/shop\/unkategorisiert\/obsidian-yoni-ei\/"},"modified":"2022-10-24T16:35:00","modified_gmt":"2022-10-24T14:35:00","slug":"obsidian-yoni-ei","status":"publish","type":"product","link":"https:\/\/lucidmoons.com\/de-ch\/shop\/yoni-ei\/obsidian-yoni-ei\/","title":{"rendered":"Yoni Ei aus Obsidian"},"content":{"rendered":"<p>Er wird auch als Stein der Wahrheit bezeichnet, da er unterdr\u00fcckte und unbewusste Schattenseiten ans Licht bringt: Trauma, Limite, T\u00e4uschungen und unbewusste Gedanken- und Verhaltensmuster.<\/p>\n<p>Obsidian wird oft als intensiv und gnadenlos empfunden, aber genau deshalb ist seine Kraft tiefgreifende Ver\u00e4nderungen und ganzheitliche Heilung herbei zu bringen aussergew\u00f6hnlich. So kannst Du Deine notwendigen Ver\u00e4nderungen unterst\u00fctzen, um ein harmonisches und authentisches Leben zu f\u00fchren und Dich pers\u00f6nlich weiterzuentwickeln.<\/p>\n<p>Auch hat der Obsidian stark sch\u00fctzende Wirkungen auf Dich, indem er Dich erdet und negativen Energien absorbiert. Daher empfehlen wir Dir Deinen Obsidian regelm\u00e4ssig energetisch zu reinigen, z.B. mit einer Salbei-R\u00e4ucherung.<\/p>\n<p>Wenn Du Dich von negativen Energien reinigen m\u00f6chtest, Dich transformieren und mehr Wahrheit und Authentizit\u00e4t manifestieren m\u00f6chtest, ist Obsidian der Stein f\u00fcr Dich.<\/p>\n<p><img decoding=\"async\" class=\"alignnone wp-image-1698 size-full\" src=\"https:\/\/lucidmoons.com\/wp-content\/uploads\/2019\/07\/yoni-egg-sizes.svg\" alt=\"Yoni Ei Gr\u00f6ssentabelle in S, M &amp; L \u2013\u00a0Welche Gr\u00f6sse passt zu mir?\" title=\"\"><\/p>\n<p>Jedes Yoni Ei ist gedrilled und hat entsprechend ein Loch am oberen Ende. Mit jedem Yoni Ei wird eine Schnur geliefert.<\/p>\n<p>Herkunft unseres Obsidian Kristalls: Obsidian wird aus geschmolzener und wieder verh\u00e4rteter Lava gewonnen und ist technische gesehen ein Glas. Obsidian kommt nat\u00fcrlich dort vor, wo es Vulkane und Erdausbr\u00fcche gibt. Unseren Obsidian beziehen wir aus Mexiko.<\/p>\n<p><a href=\"https:\/\/www.gia.edu\/report-check?reportno=6207363494\" target=\"_blank\" rel=\"noopener noreferrer\">GIA Zertifikat (Report Nr. 6207363494)<\/a><\/p>\n","protected":false},"excerpt":{"rendered":"<div class=\"stonename\">\u00abTruth\u00bb<\/div>\n<p>Die starke Energie des Obsidians, einem vulkanischen Lavagestein, wird auf die Elemente bei der kraftvollen Entstehung zur\u00fcckgef\u00fchrt: Erde, Wasser und Feuer. Obsidian ist ein Stein, vor dem Du nichts verstecken kannst, und er sollte daher mit einem grossen Bewusstsein getragen werden.<\/p>\n","protected":false},"featured_media":16300,"template":"","meta":{"inline_featured_image":false},"product_brand":[],"product_cat":[2308,2301],"product_tag":[2316],"class_list":{"0":"post-16298","1":"product","2":"type-product","3":"status-publish","4":"has-post-thumbnail","6":"product_cat-yoni-ei","7":"product_cat-obsidian","8":"product_tag-yoni-ei-de-ch-2","9":"product_shipping_class-postpac0-de-de-de-ch-de-ch","11":"first","12":"instock","13":"taxable","14":"shipping-taxable","15":"purchasable","16":"product-type-variable","17":"has-default-attributes"},"_links":{"self":[{"href":"https:\/\/lucidmoons.com\/de-ch\/wp-json\/wp\/v2\/product\/16298","targetHints":{"allow":["GET"]}}],"collection":[{"href":"https:\/\/lucidmoons.com\/de-ch\/wp-json\/wp\/v2\/product"}],"about":[{"href":"https:\/\/lucidmoons.com\/de-ch\/wp-json\/wp\/v2\/types\/product"}],"wp:featuredmedia":[{"embeddable":true,"href":"https:\/\/lucidmoons.com\/de-ch\/wp-json\/wp\/v2\/media\/16300"}],"wp:attachment":[{"href":"https:\/\/lucidmoons.com\/de-ch\/wp-json\/wp\/v2\/media?parent=16298"}],"wp:term":[{"taxonomy":"product_brand","embeddable":true,"href":"https:\/\/lucidmoons.com\/de-ch\/wp-json\/wp\/v2\/product_brand?post=16298"},{"taxonomy":"product_cat","embeddable":true,"href":"https:\/\/lucidmoons.com\/de-ch\/wp-json\/wp\/v2\/product_cat?post=16298"},{"taxonomy":"product_tag","embeddable":true,"href":"https:\/\/lucidmoons.com\/de-ch\/wp-json\/wp\/v2\/product_tag?post=16298"}],"curies":[{"name":"wp","href":"https:\/\/api.w.org\/{rel}","templated":true}]}}