{"id":16307,"date":"2019-04-14T14:14:58","date_gmt":"2019-04-14T12:14:58","guid":{"rendered":"https:\/\/lucidmoons.com\/shop\/unkategorisiert\/amethyst-yoni-ei\/"},"modified":"2022-10-24T16:44:32","modified_gmt":"2022-10-24T14:44:32","slug":"amethyst-yoni-ei","status":"publish","type":"product","link":"https:\/\/lucidmoons.com\/de-ch\/shop\/yoni-ei\/amethyst-yoni-ei\/","title":{"rendered":"Yoni Ei aus Amethyst"},"content":{"rendered":"<p>Amethyst hat auch eine zentrierende und st\u00e4rkende Wirkung auf emotionaler Ebene.<\/p>\n<p>Wenn Du das Amethyst-Yoni-Ei tr\u00e4gst, bleibst Du klar und ruhig, w\u00e4hrend Du Dich gleichzeitig auf spiritueller Ebene \u00f6ffnen kannst. Besonders wertvoll ist der Amethyst beim Meditieren. Dar\u00fcber hinaus kann der Amethyst Dir helfen, ungesunde Gewohnheiten wie \u00fcberm\u00e4ssiges Nachgeben und Suchtverhalten bewusst umzuprogrammieren, so dass Du mehr Klarheit in Deinem Leben schaffen kannst.<\/p>\n<p>Deine Intuition wird durch das Tragen des Amethysten verst\u00e4rkt, und es wird Dir leichter fallen, zu erkennen, was f\u00fcr Dich am besten ist. Auch Deine Kreativit\u00e4t wird angeregt, die Du praktisch oder spielerisch einsetzen kannst. Die sch\u00fctzenden Eigenschaften des Amethysts helfen auch besonders bei Stress oder Angst, indem er inneren Frieden, Harmonie und Geduld f\u00f6rdert.<\/p>\n<p>Amethyst eignet sich auch besonders gut zum Schlafen, da er Ihre Gedanken beruhigt. Amethyst kann auch beim luziden Tr\u00e4umen helfen.<\/p>\n<p><img decoding=\"async\" class=\"wp-image-1699 size-full\" src=\"https:\/\/lucidmoons.com\/wp-content\/uploads\/2019\/07\/yoni-egg-sizes.svg\" alt=\"Yoni Egg Size Chart\" title=\"\"><\/p>\n<p>Jedes Yoni-Ei ist am oberen, spitzeren Ende gebohrt. Zu jedem Yoni-Ei wird eine <a href=\"https:\/\/lucidmoons.com\/de-ch\/shop\/zubehoer\/yoni-egg-string\/\">Yoni Egg String<\/a> mitgeliefert.<\/p>\n<p>Herkunft unseres Amethysts: Amethyst kommt wie viele Quarz-Kristalle auf allen Kontinenten vor und wir je nach weltweiter Marktsituation und Qualit\u00e4t in unterschiedlichen L\u00e4ndern von uns eingekauft.<\/p>\n<p><a href=\"https:\/\/www.gia.edu\/report-check?reportno=5201363517\" target=\"_blank\" rel=\"noopener noreferrer\">GIA Zertifikat (Report Nr. 5201363517)<\/a><\/p>\n","protected":false},"excerpt":{"rendered":"<div class=\"stonename\">\u00abIntuition\u00bb<\/div>\n<p>Amethyst ist einer der heilsamsten Kristalle f\u00fcr den ganzen K\u00f6rper und auch einer der besten Steine f\u00fcr Meditation und Schlaf. Er strahlt eine ruhige und beruhigende Energie aus, die Deine Gedanken zur Ruhe bringt und Deine Konzentration, Wahrnehmung und Intuition f\u00f6rdert.<\/p>\n","protected":false},"featured_media":16309,"template":"","meta":{"inline_featured_image":false},"product_brand":[],"product_cat":[2308,2309],"product_tag":[2316],"class_list":{"0":"post-16307","1":"product","2":"type-product","3":"status-publish","4":"has-post-thumbnail","6":"product_cat-yoni-ei","7":"product_cat-amethyst","8":"product_tag-yoni-ei-de-ch-2","9":"product_shipping_class-postpac0-de-de-de-ch-de-ch","11":"first","12":"instock","13":"taxable","14":"shipping-taxable","15":"purchasable","16":"product-type-variable","17":"has-default-attributes"},"_links":{"self":[{"href":"https:\/\/lucidmoons.com\/de-ch\/wp-json\/wp\/v2\/product\/16307","targetHints":{"allow":["GET"]}}],"collection":[{"href":"https:\/\/lucidmoons.com\/de-ch\/wp-json\/wp\/v2\/product"}],"about":[{"href":"https:\/\/lucidmoons.com\/de-ch\/wp-json\/wp\/v2\/types\/product"}],"wp:featuredmedia":[{"embeddable":true,"href":"https:\/\/lucidmoons.com\/de-ch\/wp-json\/wp\/v2\/media\/16309"}],"wp:attachment":[{"href":"https:\/\/lucidmoons.com\/de-ch\/wp-json\/wp\/v2\/media?parent=16307"}],"wp:term":[{"taxonomy":"product_brand","embeddable":true,"href":"https:\/\/lucidmoons.com\/de-ch\/wp-json\/wp\/v2\/product_brand?post=16307"},{"taxonomy":"product_cat","embeddable":true,"href":"https:\/\/lucidmoons.com\/de-ch\/wp-json\/wp\/v2\/product_cat?post=16307"},{"taxonomy":"product_tag","embeddable":true,"href":"https:\/\/lucidmoons.com\/de-ch\/wp-json\/wp\/v2\/product_tag?post=16307"}],"curies":[{"name":"wp","href":"https:\/\/api.w.org\/{rel}","templated":true}]}}