{"id":16327,"date":"2019-04-14T14:09:11","date_gmt":"2019-04-14T12:09:11","guid":{"rendered":"https:\/\/lucidmoons.com\/shop\/unkategorisiert\/rosenquarz-yoni-ei\/"},"modified":"2022-10-24T16:41:36","modified_gmt":"2022-10-24T14:41:36","slug":"rosenquarz-yoni-ei","status":"publish","type":"product","link":"https:\/\/lucidmoons.com\/de-ch\/shop\/yoni-ei\/rosenquarz-yoni-ei\/","title":{"rendered":"Yoni Ei aus Rosenquarz"},"content":{"rendered":"<p>Rosenquarz gilt seit jeher als Stein der Fruchtbarkeit und Sch\u00f6nheit. Er ist ein besonders wichtiger Heilstein f\u00fcr das Herzchakra, wo seine Energie Barrieren und Blockaden gegen\u00fcber Emotionen, Gef\u00fchlen und dem Geben und Empfangen von Liebe l\u00f6sen kann.<\/p>\n<p>Das zarte rose strahlt Weiblichkeit und bedingungslose Liebe aus, und hilft Dir dabei auf die Frequenz allumfassender Liebe zu kommen: f\u00fcr Dich selbst, romantische Partner, Familie, Freunde und Die Liebe in allen Lebewesen.<\/p>\n<p>Rosenquarz hilft Dir dabei Deinen Selbstwert zu erkennen und Dich mit der Leichtigkeit, Offenheit, W\u00e4rme und Akzeptanz Deines Herzens zu verbinden. Auch emotionale Wunden und Traumata (inklusive sexuelle Traumata), Trauer und Bitterkeit werden mit dem Rosenquarz sanft geheilt, sodass Du mit offenem Herzen strahlen kannst.<\/p>\n<p>Auch in romantischen Beziehungen ist der Rosenquarz wertvoll, um Harmonie zu bringen und um Intimit\u00e4t und Vertrauen zu st\u00e4rken. Rosenquarz ist ein wundervoller Stein, welcher auch beim Liebesakt in der Yoni getragen werden kann.<\/p>\n<p><img decoding=\"async\" class=\"alignnone wp-image-1698 size-full\" src=\"https:\/\/lucidmoons.com\/wp-content\/uploads\/2019\/07\/yoni-egg-sizes.svg\" alt=\"Yoni Ei Gr\u00f6ssentabelle in S, M &amp; L \u2013\u00a0Welche Gr\u00f6sse passt zu mir?\" title=\"\"><\/p>\n<p>Jedes Yoni Ei ist gebohrt und hat entsprechend ein Loch am oberen Ende. Mit jedem Yoni Ei wird ein <a href=\"https:\/\/lucidmoons.com\/de-ch\/shop\/zubehoer\/yoni-egg-string\/\" target=\"_blank\" rel=\"noopener noreferrer\">Yoni Egg String<\/a> geliefert.<\/p>\n<p>Herkunft unseres Rosenquarz Kristalls: Rosenquarz kommt wie viele Quarz-Kristalle auf allen Kontinenten vor und wir je nach weltweiter Marktsituation und Qualit\u00e4t in unterschiedlichen L\u00e4ndern von uns eingekauft. Unser Rosenquarz stammt aktuell aus Brasilien.<\/p>\n<p><a href=\"https:\/\/www.gia.edu\/report-check?reportno=5202363539\" target=\"_blank\" rel=\"noopener noreferrer\">GIA Zertifikat (Report Nr. 5202363539)<\/a><\/p>\n","protected":false},"excerpt":{"rendered":"<div class=\"stonename\">\u00abLove\u00bb<\/div>\n<p>Der Rosenquarz geh\u00f6rt zu den wichtigsten Heilsteinen \u00fcberhaupt und wird oft als Liebesstein bezeichnet. In der Mythologie wird beschrieben, dass Rosenquarz von Eros, dem Gott der Liebe, auf die Erde gebracht worden sei, um den Menschen Liebe zu schenken.<\/p>\n","protected":false},"featured_media":16329,"template":"","meta":{"inline_featured_image":false},"product_brand":[],"product_cat":[2308,2293],"product_tag":[2294,2316],"class_list":{"0":"post-16327","1":"product","2":"type-product","3":"status-publish","4":"has-post-thumbnail","6":"product_cat-yoni-ei","7":"product_cat-rosenquarz","8":"product_tag-rosenquarz","9":"product_tag-yoni-ei-de-ch-2","10":"product_shipping_class-postpac0-de-de-de-ch-de-ch","12":"first","13":"instock","14":"taxable","15":"shipping-taxable","16":"purchasable","17":"product-type-variable","18":"has-default-attributes"},"_links":{"self":[{"href":"https:\/\/lucidmoons.com\/de-ch\/wp-json\/wp\/v2\/product\/16327","targetHints":{"allow":["GET"]}}],"collection":[{"href":"https:\/\/lucidmoons.com\/de-ch\/wp-json\/wp\/v2\/product"}],"about":[{"href":"https:\/\/lucidmoons.com\/de-ch\/wp-json\/wp\/v2\/types\/product"}],"wp:featuredmedia":[{"embeddable":true,"href":"https:\/\/lucidmoons.com\/de-ch\/wp-json\/wp\/v2\/media\/16329"}],"wp:attachment":[{"href":"https:\/\/lucidmoons.com\/de-ch\/wp-json\/wp\/v2\/media?parent=16327"}],"wp:term":[{"taxonomy":"product_brand","embeddable":true,"href":"https:\/\/lucidmoons.com\/de-ch\/wp-json\/wp\/v2\/product_brand?post=16327"},{"taxonomy":"product_cat","embeddable":true,"href":"https:\/\/lucidmoons.com\/de-ch\/wp-json\/wp\/v2\/product_cat?post=16327"},{"taxonomy":"product_tag","embeddable":true,"href":"https:\/\/lucidmoons.com\/de-ch\/wp-json\/wp\/v2\/product_tag?post=16327"}],"curies":[{"name":"wp","href":"https:\/\/api.w.org\/{rel}","templated":true}]}}