{"id":16347,"date":"2019-04-14T13:48:20","date_gmt":"2019-04-14T11:48:20","guid":{"rendered":"https:\/\/lucidmoons.com\/shop\/unkategorisiert\/jade-yoni-ei\/"},"modified":"2026-04-23T21:54:44","modified_gmt":"2026-04-23T19:54:44","slug":"jade-yoni-ei","status":"publish","type":"product","link":"https:\/\/lucidmoons.com\/de-ch\/shop\/yoni-ei\/jade-yoni-ei\/","title":{"rendered":"Yoni Ei aus Nephrit Jade"},"content":{"rendered":"<p>Das Jade Egg zeichnet sich durch eine besonders hohe Dichte und Bruchfestigkeit aus, welches ihn zu einer beliebten Wahl macht.<\/p>\n<p>Jade symbolisiert die f\u00fcnf Haupttugenden: Weisheit, Gerechtigkeit, Bescheidenheit, Barmherzigkeit &amp; Mut und bringt damit Heilung, Liebe, Wohlstand und Gelassenheit ins Leben.<\/p>\n<p>Nephrit Jade ist ein Stein der seinem Tr\u00e4ger Lebenslust, Harmonie und Aufgeschlossenheit schenkt und mit dem Herzchakra kommuniziert. Er hilft die Verbindung zum Herz und deiner Leidenschaft herzustellen und so den Energiehaushalt auszugleichen. Dieser Heilstein f\u00f6rdert die geistige Beweglichkeit, st\u00e4rkt den Mut und die Pers\u00f6nlichkeit und kann ausserdem \u00c4ngste, sowie Blockaden, l\u00f6sen.<\/p>\n<p>Seine erdenden und sch\u00fctzenden Eigenschaften helfen dabei Dich zu st\u00e4rken und negative Energien und Selbstzweifel fernzuhalten. Auch hilft Dir Jade dabei, Dich mit deiner inneren Weisheit zu verbinden, auf welche Du bei schwierigen Entscheidungen zur\u00fcckkommen kannst.<\/p>\n<p><img decoding=\"async\" class=\"alignnone wp-image-1698 size-full\" src=\"https:\/\/lucidmoons.com\/wp-content\/uploads\/2019\/07\/yoni-egg-sizes.svg\" alt=\"Yoni Ei Gr\u00f6ssentabelle in S, M &amp; L \u2013\u00a0Welche Gr\u00f6sse passt zu mir?\" title=\"\"><\/p>\n<p>Jedes Yoni Ei ist gedrilled und hat entsprechend ein Loch am oberen Ende. Mit jedem Yoni Ei wird eine Schnur geliefert.<\/p>\n<p>Herkunft unserer Nephrit Jade: Nephrit Jade ist eine seltene Jade und kommt in nat\u00fcrlicher Form nur noch in Kanada und Nord-China vor. Wir beziehen unsere Nephrit Jade aus einer von nur 2 staatlich kontrollierten und zertifizierten Minen in Nord-China.<\/p>\n<p><a href=\"https:\/\/www.gia.edu\/report-check?reportno=5326116153\" target=\"_blank\" rel=\"noopener noreferrer\">GIA Zertifikat (Report Nr. 5326116153)<\/a><\/p>\n","protected":false},"excerpt":{"rendered":"<div class=\"stonename\">\u00abBalance\u00bb<\/div>\n<p>Jade ist bekannt als \u00ab<b>Der Stein des Reichtums<\/b>\u00bb und ist der Kristall, welcher urspr\u00fcnglich in China von den Kaiserinnen als Yoni Ei getragen wurde. Die Farbe des Nephrite Jade ist ein dunkles und tiefes Gr\u00fcn.<\/p>\n","protected":false},"featured_media":16349,"template":"","meta":{"inline_featured_image":false},"product_brand":[],"product_cat":[2308,2313],"product_tag":[2271,2315,2316],"class_list":{"0":"post-16347","1":"product","2":"type-product","3":"status-publish","4":"has-post-thumbnail","6":"product_cat-yoni-ei","7":"product_cat-jade","8":"product_tag-jade-de-ch-2","9":"product_tag-nephrite-jade-de-ch-2","10":"product_tag-yoni-ei-de-ch-2","11":"product_shipping_class-postpac0-de-de-de-ch-de-ch","13":"first","14":"instock","15":"taxable","16":"shipping-taxable","17":"purchasable","18":"product-type-variable","19":"has-default-attributes"},"_links":{"self":[{"href":"https:\/\/lucidmoons.com\/de-ch\/wp-json\/wp\/v2\/product\/16347","targetHints":{"allow":["GET"]}}],"collection":[{"href":"https:\/\/lucidmoons.com\/de-ch\/wp-json\/wp\/v2\/product"}],"about":[{"href":"https:\/\/lucidmoons.com\/de-ch\/wp-json\/wp\/v2\/types\/product"}],"wp:featuredmedia":[{"embeddable":true,"href":"https:\/\/lucidmoons.com\/de-ch\/wp-json\/wp\/v2\/media\/16349"}],"wp:attachment":[{"href":"https:\/\/lucidmoons.com\/de-ch\/wp-json\/wp\/v2\/media?parent=16347"}],"wp:term":[{"taxonomy":"product_brand","embeddable":true,"href":"https:\/\/lucidmoons.com\/de-ch\/wp-json\/wp\/v2\/product_brand?post=16347"},{"taxonomy":"product_cat","embeddable":true,"href":"https:\/\/lucidmoons.com\/de-ch\/wp-json\/wp\/v2\/product_cat?post=16347"},{"taxonomy":"product_tag","embeddable":true,"href":"https:\/\/lucidmoons.com\/de-ch\/wp-json\/wp\/v2\/product_tag?post=16347"}],"curies":[{"name":"wp","href":"https:\/\/api.w.org\/{rel}","templated":true}]}}