{"id":18058,"date":"2020-07-20T13:06:18","date_gmt":"2020-07-20T11:15:48","guid":{"rendered":"https:\/\/lucidmoons.com\/?post_type=product&#038;p=18058"},"modified":"2025-02-14T12:44:56","modified_gmt":"2025-02-14T10:44:56","slug":"rauchquarz-yoni-wand-2","status":"publish","type":"product","link":"https:\/\/lucidmoons.com\/de-ch\/shop\/unkategorisiert\/rauchquarz-yoni-wand-2\/","title":{"rendered":"Yoni Wand aus Rauchquarz"},"content":{"rendered":"<p>Besonders in stressigen Zeiten wirkt der Rauchquarz Yoni Wand beruhigend, sodass Du mehr Gelassenheit in Deinem K\u00f6rper kultivieren kannst. Auf psychologischer Ebene kann Rauchquarz helfen \u00c4ngste und Schwermut zu lindern, um Dein inneres System wieder in ein ruhiges Gleichgewicht zu bringen. Da Rauchquarz negative Energien absorbiert und neutralisiert, l\u00e4dt er Dich dazu ein, alles was Dir nicht mehr dient vertrauensvoll hinter Dir zu lassen. Auf mentaler Ebene wirkt der Rauchquarz unterst\u00fctzend bei positiven, pragmatischen Gedanken und kann somit helfen, Selbstzweifel und Versagens\u00e4ngste zu neutralisieren.<\/p>\n<p>Der Rauchquarz eignet sich hervorragend als Yoni Wand, da die Qualit\u00e4ten des Kristalls die Akzeptanz f\u00fcr den physischen K\u00f6rper und die sexuelle Natur st\u00e4rken. Das erh\u00f6hte Selbstbewusstsein l\u00e4sst die sexuellen Energien im ersten und zweiten Chakra leidenschaftlich und frei fliessen. Lasse alte Scham- und Schuldgef\u00fchle hinter Dir, und \u00f6ffne Dich Deiner lustvollen, gelassenen und selbstsicheren Nat\u00fcrlichkeit<\/p>\n<p>Gr\u00f6sse: 19.00cm L\u00e4nge, 4.00cm Breite am Ende und 2.20cm Breite an der Spitze.<\/p>\n<p>Herkunft unseres Rauquarz Kristalls: Rauchquarz kommt wie viele Quarz-Kristalle auf allen Kontinenten vor und wir je nach weltweiter Marktsituation und Qualit\u00e4t in unterschiedlichen L\u00e4ndern von uns eingekauft.<\/p>\n<p>Erfahre mehr zur Anwendung und Pflege auf der\u00a0<a href=\"https:\/\/lucidmoons.com\/de-ch\/shop\/yoni-wand\/\">\u00dcbersichtsseite<\/a>\u00a0oder sieh dir die\u00a0<a href=\"https:\/\/lucidmoons.com\/de-ch\/shop\/yoni-wand\/bergkristall-yoni-wand\/\">Yoni Wands aus Clear Quartz (Bergkristall),<\/a>\u00a0<a href=\"https:\/\/lucidmoons.com\/de-ch\/shop\/yoni-wand\/rosenquarz-yoni-wand\/\">Rosenquarz<\/a>\u00a0und\u00a0<a href=\"https:\/\/lucidmoons.com\/de-ch\/shop\/yoni-wand\/obsidian-yoni-wand\/\">Obsidian<\/a>\u00a0an.<\/p>\n","protected":false},"excerpt":{"rendered":"<div class=\"stonename\">\u00abPassion\u00bb<\/div>\n<p>Der Rauchquarz Yoni Wand erscheint in verschiedenen braun-schwarzen Nuancen und ist den unteren Chakren, also dem Wurzel- und Sexualchakra, zugeordnet. Hier entfaltet der Rauchquarz am besten seine sch\u00fctzenden und stark erdenden Energien.<\/p>\n","protected":false},"featured_media":18160,"template":"","meta":{"inline_featured_image":false},"product_brand":[],"product_cat":[2385],"product_tag":[],"class_list":{"0":"post-18058","1":"product","2":"type-product","3":"status-publish","4":"has-post-thumbnail","6":"product_cat-unkategorisiert","8":"first","9":"instock","10":"taxable","11":"shipping-taxable","12":"purchasable","13":"product-type-simple"},"_links":{"self":[{"href":"https:\/\/lucidmoons.com\/de-ch\/wp-json\/wp\/v2\/product\/18058","targetHints":{"allow":["GET"]}}],"collection":[{"href":"https:\/\/lucidmoons.com\/de-ch\/wp-json\/wp\/v2\/product"}],"about":[{"href":"https:\/\/lucidmoons.com\/de-ch\/wp-json\/wp\/v2\/types\/product"}],"wp:featuredmedia":[{"embeddable":true,"href":"https:\/\/lucidmoons.com\/de-ch\/wp-json\/wp\/v2\/media\/18160"}],"wp:attachment":[{"href":"https:\/\/lucidmoons.com\/de-ch\/wp-json\/wp\/v2\/media?parent=18058"}],"wp:term":[{"taxonomy":"product_brand","embeddable":true,"href":"https:\/\/lucidmoons.com\/de-ch\/wp-json\/wp\/v2\/product_brand?post=18058"},{"taxonomy":"product_cat","embeddable":true,"href":"https:\/\/lucidmoons.com\/de-ch\/wp-json\/wp\/v2\/product_cat?post=18058"},{"taxonomy":"product_tag","embeddable":true,"href":"https:\/\/lucidmoons.com\/de-ch\/wp-json\/wp\/v2\/product_tag?post=18058"}],"curies":[{"name":"wp","href":"https:\/\/api.w.org\/{rel}","templated":true}]}}